{"id":894,"date":"2022-12-01T15:59:25","date_gmt":"2022-12-01T15:59:25","guid":{"rendered":"https:\/\/www.ciemsrl.com\/video-ispezioni-condotte\/"},"modified":"2023-01-02T09:13:54","modified_gmt":"2023-01-02T09:13:54","slug":"vidange-des-canalisations-et-des-fosses-sceptiques","status":"publish","type":"page","link":"https:\/\/www.ciemsrl.com\/fr\/vidange-des-canalisations-et-des-fosses-sceptiques\/","title":{"rendered":"Vidange des canalisations et des fosses sceptiques"},"content":{"rendered":"\t\t<div data-elementor-type=\"wp-page\" data-elementor-id=\"894\" class=\"elementor elementor-894 elementor-248\" data-elementor-post-type=\"page\">\n\t\t\t\t\t\t<section class=\"elementor-section elementor-top-section elementor-element elementor-element-a11add6 elementor-hidden-tablet elementor-hidden-mobile elementor-section-boxed elementor-section-height-default elementor-section-height-default\" data-id=\"a11add6\" data-element_type=\"section\">\n\t\t\t\t\t\t<div class=\"elementor-container elementor-column-gap-default\">\n\t\t\t\t\t<div class=\"elementor-column elementor-col-66 elementor-top-column elementor-element elementor-element-8322278\" data-id=\"8322278\" data-element_type=\"column\">\n\t\t\t<div class=\"elementor-widget-wrap elementor-element-populated\">\n\t\t\t\t\t\t<div class=\"elementor-element elementor-element-254a7be elementor-widget elementor-widget-heading\" data-id=\"254a7be\" data-element_type=\"widget\" data-widget_type=\"heading.default\">\n\t\t\t\t<div class=\"elementor-widget-container\">\n\t\t\t\t\t<h1 class=\"elementor-heading-title elementor-size-default\">Vidange des canalisations et des fosses sceptiques<\/h1>\t\t\t\t<\/div>\n\t\t\t\t<\/div>\n\t\t\t\t<div class=\"elementor-element elementor-element-25bead5 elementor-widget elementor-widget-text-editor\" data-id=\"25bead5\" data-element_type=\"widget\" data-widget_type=\"text-editor.default\">\n\t\t\t\t<div class=\"elementor-widget-container\">\n\t\t\t\t\t\t\t\t\t<p class=\"subtitle\">Les syst\u00e8mes d\u2019assainissement d\u00e9signent les canalisations priv\u00e9es qui s&rsquo;\u00e9coulent dans le r\u00e9seau public, les installations de levage qui alimentent le r\u00e9seau public, ou les syst\u00e8mes autonomes tels que les fosses septiques.<\/p>\t\t\t\t\t\t\t\t<\/div>\n\t\t\t\t<\/div>\n\t\t\t\t<div class=\"elementor-element elementor-element-6e37b2e elementor-widget elementor-widget-text-editor\" data-id=\"6e37b2e\" data-element_type=\"widget\" data-widget_type=\"text-editor.default\">\n\t\t\t\t<div class=\"elementor-widget-container\">\n\t\t\t\t\t\t\t\t\t<p>Tous ces syst\u00e8mes n\u00e9cessitent une <strong>maintenance continue<\/strong>, dont nous nous chargeons \u00e0 l&rsquo;aide de camions sp\u00e9ciaux appel\u00e9s <strong>canal-jet<\/strong>.<\/p><p>Ces camions, en plus r\u00e9servoir pour le transport des d\u00e9chets, disposent d&rsquo;\u00e9quipements de derni\u00e8re g\u00e9n\u00e9ration, extr\u00eamement performants, qui nous permettent d&rsquo;intervenir et de <strong>r\u00e9soudre les probl\u00e8mes dans les plus brefs d\u00e9lais<\/strong>, cr\u00e9ant moins de d\u00e9sagr\u00e9ment pour l&rsquo;utilisateur. Ils sont \u00e9galement dot\u00e9s d&rsquo;\u00e9quipements de pointe qui nous permettent de surmonter tout obstacle (blocage de savon, calcaire, racines d&rsquo;arbres, sables et s\u00e9diments divers).<\/p><p>Nos canal-jet sont \u00e9galement de tailles diff\u00e9rentes pour r\u00e9pondre aux diff\u00e9rents besoins du client, des plus grands pour les canalisations de grands diam\u00e8tres et les fosses septiques de grande capacit\u00e9, aux petits v\u00e9hicules permettant d\u2019atteindre les villas dispers\u00e9es dans notre arri\u00e8re-pays. Le plus petit canal-jet fait seulement 1.60 m de large, tout comme une voiture.<\/p>\t\t\t\t\t\t\t\t<\/div>\n\t\t\t\t<\/div>\n\t\t\t\t<div class=\"elementor-element elementor-element-5cdc241 elementor-widget elementor-widget-button\" data-id=\"5cdc241\" data-element_type=\"widget\" data-widget_type=\"button.default\">\n\t\t\t\t<div class=\"elementor-widget-container\">\n\t\t\t\t\t\t\t\t\t<div class=\"elementor-button-wrapper\">\n\t\t\t\t\t<a class=\"elementor-button elementor-button-link elementor-size-sm\" href=\"https:\/\/www.ciemsrl.com\/fr\/contatti\/\">\n\t\t\t\t\t\t<span class=\"elementor-button-content-wrapper\">\n\t\t\t\t\t\t\t\t\t<span class=\"elementor-button-text\">SOLLICITER CE SERVICE<\/span>\n\t\t\t\t\t<\/span>\n\t\t\t\t\t<\/a>\n\t\t\t\t<\/div>\n\t\t\t\t\t\t\t\t<\/div>\n\t\t\t\t<\/div>\n\t\t\t\t\t<\/div>\n\t\t<\/div>\n\t\t\t\t<div class=\"elementor-column elementor-col-33 elementor-top-column elementor-element elementor-element-f5fe898\" data-id=\"f5fe898\" data-element_type=\"column\">\n\t\t\t<div class=\"elementor-widget-wrap elementor-element-populated\">\n\t\t\t\t\t\t<div class=\"elementor-element elementor-element-a3b3722 elementor-pagination-position-outside elementor-widget elementor-widget-image-carousel\" data-id=\"a3b3722\" data-element_type=\"widget\" data-settings=\"{&quot;slides_to_show&quot;:&quot;1&quot;,&quot;navigation&quot;:&quot;dots&quot;,&quot;autoplay&quot;:&quot;yes&quot;,&quot;pause_on_hover&quot;:&quot;yes&quot;,&quot;pause_on_interaction&quot;:&quot;yes&quot;,&quot;autoplay_speed&quot;:5000,&quot;infinite&quot;:&quot;yes&quot;,&quot;effect&quot;:&quot;slide&quot;,&quot;speed&quot;:500}\" data-widget_type=\"image-carousel.default\">\n\t\t\t\t<div class=\"elementor-widget-container\">\n\t\t\t\t\t\t\t<div class=\"elementor-image-carousel-wrapper swiper\" role=\"region\" aria-roledescription=\"carousel\" aria-label=\"Carrousel d\u2019images\" dir=\"ltr\">\n\t\t\t<div class=\"elementor-image-carousel swiper-wrapper\" aria-live=\"off\">\n\t\t\t\t\t\t\t\t<div class=\"swiper-slide\" role=\"group\" aria-roledescription=\"slide\" aria-label=\"1 sur 3\"><figure class=\"swiper-slide-inner\"><img decoding=\"async\" class=\"swiper-slide-image\" src=\"https:\/\/www.ciemsrl.com\/wp-content\/uploads\/2023\/01\/ciem-spurgo-condotte-fosse-biologiche.jpg\" alt=\"ciem-spurgo-condotte-fosse-biologiche\" \/><\/figure><\/div><div class=\"swiper-slide\" role=\"group\" aria-roledescription=\"slide\" aria-label=\"2 sur 3\"><figure class=\"swiper-slide-inner\"><img decoding=\"async\" class=\"swiper-slide-image\" src=\"https:\/\/www.ciemsrl.com\/wp-content\/uploads\/2022\/12\/ciem-spurgo-condotte-fosse-biologiche-2.jpg\" alt=\"Ciem s.r.l. - Fondatori - Francesco Mercurio\" \/><\/figure><\/div><div class=\"swiper-slide\" role=\"group\" aria-roledescription=\"slide\" aria-label=\"3 sur 3\"><figure class=\"swiper-slide-inner\"><img decoding=\"async\" class=\"swiper-slide-image\" src=\"https:\/\/www.ciemsrl.com\/wp-content\/uploads\/2022\/12\/ciem-spurgo-condotte-fosse-biologiche-3.jpg\" alt=\"Ciem s.r.l. - Spurgo condotte fosse biologiche\" \/><\/figure><\/div>\t\t\t<\/div>\n\t\t\t\t\t\t\t\n\t\t\t\t\t\t\t\t\t<div class=\"swiper-pagination\"><\/div>\n\t\t\t\t\t\t\t\t\t<\/div>\n\t\t\t\t\t\t<\/div>\n\t\t\t\t<\/div>\n\t\t\t\t\t<\/div>\n\t\t<\/div>\n\t\t\t\t\t<\/div>\n\t\t<\/section>\n\t\t\t\t<section class=\"elementor-section elementor-top-section elementor-element elementor-element-99a20c4 elementor-hidden-desktop elementor-section-boxed elementor-section-height-default elementor-section-height-default\" data-id=\"99a20c4\" data-element_type=\"section\">\n\t\t\t\t\t\t<div class=\"elementor-container elementor-column-gap-default\">\n\t\t\t\t\t<div class=\"elementor-column elementor-col-66 elementor-top-column elementor-element elementor-element-00970e4\" data-id=\"00970e4\" data-element_type=\"column\">\n\t\t\t<div class=\"elementor-widget-wrap elementor-element-populated\">\n\t\t\t\t\t\t<div class=\"elementor-element elementor-element-6a81f9e elementor-widget elementor-widget-heading\" data-id=\"6a81f9e\" data-element_type=\"widget\" data-widget_type=\"heading.default\">\n\t\t\t\t<div class=\"elementor-widget-container\">\n\t\t\t\t\t<h1 class=\"elementor-heading-title elementor-size-default\">Vidange des canalisations et des fosses sceptiques<\/h1>\t\t\t\t<\/div>\n\t\t\t\t<\/div>\n\t\t\t\t<div class=\"elementor-element elementor-element-03916cd elementor-widget elementor-widget-text-editor\" data-id=\"03916cd\" data-element_type=\"widget\" data-widget_type=\"text-editor.default\">\n\t\t\t\t<div class=\"elementor-widget-container\">\n\t\t\t\t\t\t\t\t\t<p class=\"subtitle\">Les syst\u00e8mes d\u2019assainissement d\u00e9signent les canalisations priv\u00e9es qui s&rsquo;\u00e9coulent dans le r\u00e9seau public, les installations de levage qui alimentent le r\u00e9seau public, ou les syst\u00e8mes autonomes tels que les fosses septiques.<\/p>\t\t\t\t\t\t\t\t<\/div>\n\t\t\t\t<\/div>\n\t\t\t\t<div class=\"elementor-element elementor-element-82cf19d elementor-widget elementor-widget-button\" data-id=\"82cf19d\" data-element_type=\"widget\" data-widget_type=\"button.default\">\n\t\t\t\t<div class=\"elementor-widget-container\">\n\t\t\t\t\t\t\t\t\t<div class=\"elementor-button-wrapper\">\n\t\t\t\t\t<a class=\"elementor-button elementor-button-link elementor-size-sm\" href=\"https:\/\/www.ciemsrl.com\/fr\/contatti\/\">\n\t\t\t\t\t\t<span class=\"elementor-button-content-wrapper\">\n\t\t\t\t\t\t\t\t\t<span class=\"elementor-button-text\">SOLLICITER CE SERVICE<\/span>\n\t\t\t\t\t<\/span>\n\t\t\t\t\t<\/a>\n\t\t\t\t<\/div>\n\t\t\t\t\t\t\t\t<\/div>\n\t\t\t\t<\/div>\n\t\t\t\t\t<\/div>\n\t\t<\/div>\n\t\t\t\t<div class=\"elementor-column elementor-col-33 elementor-top-column elementor-element elementor-element-034909d\" data-id=\"034909d\" data-element_type=\"column\">\n\t\t\t<div class=\"elementor-widget-wrap elementor-element-populated\">\n\t\t\t\t\t\t<section class=\"elementor-section elementor-inner-section elementor-element elementor-element-9cd6e42 elementor-section-boxed elementor-section-height-default elementor-section-height-default\" data-id=\"9cd6e42\" data-element_type=\"section\">\n\t\t\t\t\t\t<div class=\"elementor-container elementor-column-gap-default\">\n\t\t\t\t\t<div class=\"elementor-column elementor-col-50 elementor-inner-column elementor-element elementor-element-2062f93\" data-id=\"2062f93\" data-element_type=\"column\">\n\t\t\t<div class=\"elementor-widget-wrap elementor-element-populated\">\n\t\t\t\t\t\t<div class=\"elementor-element elementor-element-6dc7ba0 elementor-widget elementor-widget-text-editor\" data-id=\"6dc7ba0\" data-element_type=\"widget\" data-widget_type=\"text-editor.default\">\n\t\t\t\t<div class=\"elementor-widget-container\">\n\t\t\t\t\t\t\t\t\t<p>Tous ces syst\u00e8mes n\u00e9cessitent une <strong>maintenance continue<\/strong>, dont nous nous chargeons \u00e0 l&rsquo;aide de camions sp\u00e9ciaux appel\u00e9s <strong>canal-jet<\/strong>.<\/p><p>Ces camions, en plus r\u00e9servoir pour le transport des d\u00e9chets, disposent d&rsquo;\u00e9quipements de derni\u00e8re g\u00e9n\u00e9ration, extr\u00eamement performants, qui nous permettent d&rsquo;intervenir et de <strong>r\u00e9soudre les probl\u00e8mes dans les plus brefs d\u00e9lais<\/strong>, cr\u00e9ant moins de d\u00e9sagr\u00e9ment pour l&rsquo;utilisateur. Ils sont \u00e9galement dot\u00e9s d&rsquo;\u00e9quipements de pointe qui nous permettent de surmonter tout obstacle (blocage de savon, calcaire, racines d&rsquo;arbres, sables et s\u00e9diments divers).<\/p><p>Nos canal-jet sont \u00e9galement de tailles diff\u00e9rentes pour r\u00e9pondre aux diff\u00e9rents besoins du client, des plus grands pour les canalisations de grands diam\u00e8tres et les fosses septiques de grande capacit\u00e9, aux petits v\u00e9hicules permettant d\u2019atteindre les villas dispers\u00e9es dans notre arri\u00e8re-pays. Le plus petit canal-jet fait seulement 1.60 m de large, tout comme une voiture.<\/p>\t\t\t\t\t\t\t\t<\/div>\n\t\t\t\t<\/div>\n\t\t\t\t\t<\/div>\n\t\t<\/div>\n\t\t\t\t<div class=\"elementor-column elementor-col-50 elementor-inner-column elementor-element elementor-element-8aecf99\" data-id=\"8aecf99\" data-element_type=\"column\">\n\t\t\t<div class=\"elementor-widget-wrap elementor-element-populated\">\n\t\t\t\t\t\t<div class=\"elementor-element elementor-element-bcde1ba elementor-pagination-position-outside elementor-widget elementor-widget-image-carousel\" data-id=\"bcde1ba\" data-element_type=\"widget\" data-settings=\"{&quot;slides_to_show&quot;:&quot;1&quot;,&quot;navigation&quot;:&quot;dots&quot;,&quot;autoplay&quot;:&quot;yes&quot;,&quot;pause_on_hover&quot;:&quot;yes&quot;,&quot;pause_on_interaction&quot;:&quot;yes&quot;,&quot;autoplay_speed&quot;:5000,&quot;infinite&quot;:&quot;yes&quot;,&quot;effect&quot;:&quot;slide&quot;,&quot;speed&quot;:500}\" data-widget_type=\"image-carousel.default\">\n\t\t\t\t<div class=\"elementor-widget-container\">\n\t\t\t\t\t\t\t<div class=\"elementor-image-carousel-wrapper swiper\" role=\"region\" aria-roledescription=\"carousel\" aria-label=\"Carrousel d\u2019images\" dir=\"ltr\">\n\t\t\t<div class=\"elementor-image-carousel swiper-wrapper\" aria-live=\"off\">\n\t\t\t\t\t\t\t\t<div class=\"swiper-slide\" role=\"group\" aria-roledescription=\"slide\" aria-label=\"1 sur 3\"><figure class=\"swiper-slide-inner\"><img decoding=\"async\" class=\"swiper-slide-image\" src=\"https:\/\/www.ciemsrl.com\/wp-content\/uploads\/2023\/01\/ciem-spurgo-condotte-fosse-biologiche.jpg\" alt=\"ciem-spurgo-condotte-fosse-biologiche\" \/><\/figure><\/div><div class=\"swiper-slide\" role=\"group\" aria-roledescription=\"slide\" aria-label=\"2 sur 3\"><figure class=\"swiper-slide-inner\"><img decoding=\"async\" class=\"swiper-slide-image\" src=\"https:\/\/www.ciemsrl.com\/wp-content\/uploads\/2022\/12\/ciem-spurgo-condotte-fosse-biologiche-2.jpg\" alt=\"Ciem s.r.l. - Fondatori - Francesco Mercurio\" \/><\/figure><\/div><div class=\"swiper-slide\" role=\"group\" aria-roledescription=\"slide\" aria-label=\"3 sur 3\"><figure class=\"swiper-slide-inner\"><img decoding=\"async\" class=\"swiper-slide-image\" src=\"https:\/\/www.ciemsrl.com\/wp-content\/uploads\/2022\/12\/ciem-spurgo-condotte-fosse-biologiche-3.jpg\" alt=\"Ciem s.r.l. - Spurgo condotte fosse biologiche\" \/><\/figure><\/div>\t\t\t<\/div>\n\t\t\t\t\t\t\t\n\t\t\t\t\t\t\t\t\t<div class=\"swiper-pagination\"><\/div>\n\t\t\t\t\t\t\t\t\t<\/div>\n\t\t\t\t\t\t<\/div>\n\t\t\t\t<\/div>\n\t\t\t\t\t<\/div>\n\t\t<\/div>\n\t\t\t\t\t<\/div>\n\t\t<\/section>\n\t\t\t\t\t<\/div>\n\t\t<\/div>\n\t\t\t\t\t<\/div>\n\t\t<\/section>\n\t\t\t\t<\/div>\n\t\t","protected":false},"excerpt":{"rendered":"<p>Vidange des canalisations et des fosses sceptiques Les syst\u00e8mes d\u2019assainissement d\u00e9signent les canalisations priv\u00e9es qui s&rsquo;\u00e9coulent dans le r\u00e9seau public, les installations de levage qui alimentent le r\u00e9seau public, ou les syst\u00e8mes autonomes tels que les fosses septiques. Tous ces syst\u00e8mes n\u00e9cessitent une maintenance continue, dont nous nous chargeons \u00e0 l&rsquo;aide de camions sp\u00e9ciaux appel\u00e9s [&hellip;]<\/p>\n","protected":false},"author":1,"featured_media":0,"parent":0,"menu_order":0,"comment_status":"closed","ping_status":"closed","template":"","meta":{"inline_featured_image":false,"footnotes":""},"class_list":["post-894","page","type-page","status-publish","hentry"],"yoast_head":"<!-- This site is optimized with the Yoast SEO plugin v26.0 - https:\/\/yoast.com\/wordpress\/plugins\/seo\/ -->\n<title>Vidange des canalisations et des fosses sceptiques - CIEM Srl<\/title>\n<meta name=\"robots\" content=\"index, follow, max-snippet:-1, max-image-preview:large, max-video-preview:-1\" \/>\n<link rel=\"canonical\" href=\"https:\/\/www.ciemsrl.com\/fr\/vidange-des-canalisations-et-des-fosses-sceptiques\/\" \/>\n<meta property=\"og:locale\" content=\"fr_FR\" \/>\n<meta property=\"og:type\" content=\"article\" \/>\n<meta property=\"og:title\" content=\"Vidange des canalisations et des fosses sceptiques - CIEM Srl\" \/>\n<meta property=\"og:description\" content=\"Vidange des canalisations et des fosses sceptiques Les syst\u00e8mes d\u2019assainissement d\u00e9signent les canalisations priv\u00e9es qui s&rsquo;\u00e9coulent dans le r\u00e9seau public, les installations de levage qui alimentent le r\u00e9seau public, ou les syst\u00e8mes autonomes tels que les fosses septiques. Tous ces syst\u00e8mes n\u00e9cessitent une maintenance continue, dont nous nous chargeons \u00e0 l&rsquo;aide de camions sp\u00e9ciaux appel\u00e9s [&hellip;]\" \/>\n<meta property=\"og:url\" content=\"https:\/\/www.ciemsrl.com\/fr\/vidange-des-canalisations-et-des-fosses-sceptiques\/\" \/>\n<meta property=\"og:site_name\" content=\"CIEM Srl\" \/>\n<meta property=\"article:publisher\" content=\"https:\/\/www.facebook.com\/ciemsrl.spurgo.rifiuti\" \/>\n<meta property=\"article:modified_time\" content=\"2023-01-02T09:13:54+00:00\" \/>\n<meta property=\"og:image\" content=\"https:\/\/www.ciemsrl.com\/wp-content\/uploads\/2023\/01\/ciem-spurgo-condotte-fosse-biologiche.jpg\" \/>\n<meta name=\"twitter:card\" content=\"summary_large_image\" \/>\n<meta name=\"twitter:label1\" content=\"Dur\u00e9e de lecture estim\u00e9e\" \/>\n\t<meta name=\"twitter:data1\" content=\"4 minutes\" \/>\n<script type=\"application\/ld+json\" class=\"yoast-schema-graph\">{\"@context\":\"https:\/\/schema.org\",\"@graph\":[{\"@type\":\"WebPage\",\"@id\":\"https:\/\/www.ciemsrl.com\/fr\/vidange-des-canalisations-et-des-fosses-sceptiques\/\",\"url\":\"https:\/\/www.ciemsrl.com\/fr\/vidange-des-canalisations-et-des-fosses-sceptiques\/\",\"name\":\"Vidange des canalisations et des fosses sceptiques - CIEM Srl\",\"isPartOf\":{\"@id\":\"https:\/\/www.ciemsrl.com\/#website\"},\"primaryImageOfPage\":{\"@id\":\"https:\/\/www.ciemsrl.com\/fr\/vidange-des-canalisations-et-des-fosses-sceptiques\/#primaryimage\"},\"image\":{\"@id\":\"https:\/\/www.ciemsrl.com\/fr\/vidange-des-canalisations-et-des-fosses-sceptiques\/#primaryimage\"},\"thumbnailUrl\":\"https:\/\/www.ciemsrl.com\/wp-content\/uploads\/2023\/01\/ciem-spurgo-condotte-fosse-biologiche.jpg\",\"datePublished\":\"2022-12-01T15:59:25+00:00\",\"dateModified\":\"2023-01-02T09:13:54+00:00\",\"breadcrumb\":{\"@id\":\"https:\/\/www.ciemsrl.com\/fr\/vidange-des-canalisations-et-des-fosses-sceptiques\/#breadcrumb\"},\"inLanguage\":\"fr-FR\",\"potentialAction\":[{\"@type\":\"ReadAction\",\"target\":[\"https:\/\/www.ciemsrl.com\/fr\/vidange-des-canalisations-et-des-fosses-sceptiques\/\"]}]},{\"@type\":\"ImageObject\",\"inLanguage\":\"fr-FR\",\"@id\":\"https:\/\/www.ciemsrl.com\/fr\/vidange-des-canalisations-et-des-fosses-sceptiques\/#primaryimage\",\"url\":\"https:\/\/www.ciemsrl.com\/wp-content\/uploads\/2023\/01\/ciem-spurgo-condotte-fosse-biologiche.jpg\",\"contentUrl\":\"https:\/\/www.ciemsrl.com\/wp-content\/uploads\/2023\/01\/ciem-spurgo-condotte-fosse-biologiche.jpg\"},{\"@type\":\"BreadcrumbList\",\"@id\":\"https:\/\/www.ciemsrl.com\/fr\/vidange-des-canalisations-et-des-fosses-sceptiques\/#breadcrumb\",\"itemListElement\":[{\"@type\":\"ListItem\",\"position\":1,\"name\":\"Home\",\"item\":\"https:\/\/www.ciemsrl.com\/fr\/\"},{\"@type\":\"ListItem\",\"position\":2,\"name\":\"Vidange des canalisations et des fosses sceptiques\"}]},{\"@type\":\"WebSite\",\"@id\":\"https:\/\/www.ciemsrl.com\/#website\",\"url\":\"https:\/\/www.ciemsrl.com\/\",\"name\":\"CIEM Srl\",\"description\":\"Conduzione Impianti Ecologici &amp; Manutenzioni\",\"publisher\":{\"@id\":\"https:\/\/www.ciemsrl.com\/#organization\"},\"potentialAction\":[{\"@type\":\"SearchAction\",\"target\":{\"@type\":\"EntryPoint\",\"urlTemplate\":\"https:\/\/www.ciemsrl.com\/?s={search_term_string}\"},\"query-input\":{\"@type\":\"PropertyValueSpecification\",\"valueRequired\":true,\"valueName\":\"search_term_string\"}}],\"inLanguage\":\"fr-FR\"},{\"@type\":\"Organization\",\"@id\":\"https:\/\/www.ciemsrl.com\/#organization\",\"name\":\"CIEM Srl\",\"url\":\"https:\/\/www.ciemsrl.com\/\",\"logo\":{\"@type\":\"ImageObject\",\"inLanguage\":\"fr-FR\",\"@id\":\"https:\/\/www.ciemsrl.com\/#\/schema\/logo\/image\/\",\"url\":\"https:\/\/www.ciemsrl.com\/wp-content\/uploads\/2022\/11\/ciem-logo.png\",\"contentUrl\":\"https:\/\/www.ciemsrl.com\/wp-content\/uploads\/2022\/11\/ciem-logo.png\",\"width\":384,\"height\":206,\"caption\":\"CIEM Srl\"},\"image\":{\"@id\":\"https:\/\/www.ciemsrl.com\/#\/schema\/logo\/image\/\"},\"sameAs\":[\"https:\/\/www.facebook.com\/ciemsrl.spurgo.rifiuti\",\"https:\/\/www.instagram.com\/ciem.srl\/\"]}]}<\/script>\n<!-- \/ Yoast SEO plugin. -->","yoast_head_json":{"title":"Vidange des canalisations et des fosses sceptiques - CIEM Srl","robots":{"index":"index","follow":"follow","max-snippet":"max-snippet:-1","max-image-preview":"max-image-preview:large","max-video-preview":"max-video-preview:-1"},"canonical":"https:\/\/www.ciemsrl.com\/fr\/vidange-des-canalisations-et-des-fosses-sceptiques\/","og_locale":"fr_FR","og_type":"article","og_title":"Vidange des canalisations et des fosses sceptiques - CIEM Srl","og_description":"Vidange des canalisations et des fosses sceptiques Les syst\u00e8mes d\u2019assainissement d\u00e9signent les canalisations priv\u00e9es qui s&rsquo;\u00e9coulent dans le r\u00e9seau public, les installations de levage qui alimentent le r\u00e9seau public, ou les syst\u00e8mes autonomes tels que les fosses septiques. Tous ces syst\u00e8mes n\u00e9cessitent une maintenance continue, dont nous nous chargeons \u00e0 l&rsquo;aide de camions sp\u00e9ciaux appel\u00e9s [&hellip;]","og_url":"https:\/\/www.ciemsrl.com\/fr\/vidange-des-canalisations-et-des-fosses-sceptiques\/","og_site_name":"CIEM Srl","article_publisher":"https:\/\/www.facebook.com\/ciemsrl.spurgo.rifiuti","article_modified_time":"2023-01-02T09:13:54+00:00","og_image":[{"url":"https:\/\/www.ciemsrl.com\/wp-content\/uploads\/2023\/01\/ciem-spurgo-condotte-fosse-biologiche.jpg","type":"","width":"","height":""}],"twitter_card":"summary_large_image","twitter_misc":{"Dur\u00e9e de lecture estim\u00e9e":"4 minutes"},"schema":{"@context":"https:\/\/schema.org","@graph":[{"@type":"WebPage","@id":"https:\/\/www.ciemsrl.com\/fr\/vidange-des-canalisations-et-des-fosses-sceptiques\/","url":"https:\/\/www.ciemsrl.com\/fr\/vidange-des-canalisations-et-des-fosses-sceptiques\/","name":"Vidange des canalisations et des fosses sceptiques - CIEM Srl","isPartOf":{"@id":"https:\/\/www.ciemsrl.com\/#website"},"primaryImageOfPage":{"@id":"https:\/\/www.ciemsrl.com\/fr\/vidange-des-canalisations-et-des-fosses-sceptiques\/#primaryimage"},"image":{"@id":"https:\/\/www.ciemsrl.com\/fr\/vidange-des-canalisations-et-des-fosses-sceptiques\/#primaryimage"},"thumbnailUrl":"https:\/\/www.ciemsrl.com\/wp-content\/uploads\/2023\/01\/ciem-spurgo-condotte-fosse-biologiche.jpg","datePublished":"2022-12-01T15:59:25+00:00","dateModified":"2023-01-02T09:13:54+00:00","breadcrumb":{"@id":"https:\/\/www.ciemsrl.com\/fr\/vidange-des-canalisations-et-des-fosses-sceptiques\/#breadcrumb"},"inLanguage":"fr-FR","potentialAction":[{"@type":"ReadAction","target":["https:\/\/www.ciemsrl.com\/fr\/vidange-des-canalisations-et-des-fosses-sceptiques\/"]}]},{"@type":"ImageObject","inLanguage":"fr-FR","@id":"https:\/\/www.ciemsrl.com\/fr\/vidange-des-canalisations-et-des-fosses-sceptiques\/#primaryimage","url":"https:\/\/www.ciemsrl.com\/wp-content\/uploads\/2023\/01\/ciem-spurgo-condotte-fosse-biologiche.jpg","contentUrl":"https:\/\/www.ciemsrl.com\/wp-content\/uploads\/2023\/01\/ciem-spurgo-condotte-fosse-biologiche.jpg"},{"@type":"BreadcrumbList","@id":"https:\/\/www.ciemsrl.com\/fr\/vidange-des-canalisations-et-des-fosses-sceptiques\/#breadcrumb","itemListElement":[{"@type":"ListItem","position":1,"name":"Home","item":"https:\/\/www.ciemsrl.com\/fr\/"},{"@type":"ListItem","position":2,"name":"Vidange des canalisations et des fosses sceptiques"}]},{"@type":"WebSite","@id":"https:\/\/www.ciemsrl.com\/#website","url":"https:\/\/www.ciemsrl.com\/","name":"CIEM Srl","description":"Conduzione Impianti Ecologici &amp; Manutenzioni","publisher":{"@id":"https:\/\/www.ciemsrl.com\/#organization"},"potentialAction":[{"@type":"SearchAction","target":{"@type":"EntryPoint","urlTemplate":"https:\/\/www.ciemsrl.com\/?s={search_term_string}"},"query-input":{"@type":"PropertyValueSpecification","valueRequired":true,"valueName":"search_term_string"}}],"inLanguage":"fr-FR"},{"@type":"Organization","@id":"https:\/\/www.ciemsrl.com\/#organization","name":"CIEM Srl","url":"https:\/\/www.ciemsrl.com\/","logo":{"@type":"ImageObject","inLanguage":"fr-FR","@id":"https:\/\/www.ciemsrl.com\/#\/schema\/logo\/image\/","url":"https:\/\/www.ciemsrl.com\/wp-content\/uploads\/2022\/11\/ciem-logo.png","contentUrl":"https:\/\/www.ciemsrl.com\/wp-content\/uploads\/2022\/11\/ciem-logo.png","width":384,"height":206,"caption":"CIEM Srl"},"image":{"@id":"https:\/\/www.ciemsrl.com\/#\/schema\/logo\/image\/"},"sameAs":["https:\/\/www.facebook.com\/ciemsrl.spurgo.rifiuti","https:\/\/www.instagram.com\/ciem.srl\/"]}]}},"_links":{"self":[{"href":"https:\/\/www.ciemsrl.com\/fr\/wp-json\/wp\/v2\/pages\/894","targetHints":{"allow":["GET"]}}],"collection":[{"href":"https:\/\/www.ciemsrl.com\/fr\/wp-json\/wp\/v2\/pages"}],"about":[{"href":"https:\/\/www.ciemsrl.com\/fr\/wp-json\/wp\/v2\/types\/page"}],"author":[{"embeddable":true,"href":"https:\/\/www.ciemsrl.com\/fr\/wp-json\/wp\/v2\/users\/1"}],"replies":[{"embeddable":true,"href":"https:\/\/www.ciemsrl.com\/fr\/wp-json\/wp\/v2\/comments?post=894"}],"version-history":[{"count":16,"href":"https:\/\/www.ciemsrl.com\/fr\/wp-json\/wp\/v2\/pages\/894\/revisions"}],"predecessor-version":[{"id":1118,"href":"https:\/\/www.ciemsrl.com\/fr\/wp-json\/wp\/v2\/pages\/894\/revisions\/1118"}],"wp:attachment":[{"href":"https:\/\/www.ciemsrl.com\/fr\/wp-json\/wp\/v2\/media?parent=894"}],"curies":[{"name":"wp","href":"https:\/\/api.w.org\/{rel}","templated":true}]}}