{"id":906,"date":"2022-12-01T16:37:15","date_gmt":"2022-12-01T16:37:15","guid":{"rendered":"https:\/\/www.ciemsrl.com\/video-ispezioni-condotte-2\/"},"modified":"2023-01-02T09:32:15","modified_gmt":"2023-01-02T09:32:15","slug":"inspections-video-canalisations","status":"publish","type":"page","link":"https:\/\/www.ciemsrl.com\/fr\/inspections-video-canalisations\/","title":{"rendered":"Inspections vid\u00e9o canalisations"},"content":{"rendered":"\t\t<div data-elementor-type=\"wp-page\" data-elementor-id=\"906\" class=\"elementor elementor-906 elementor-277\" data-elementor-post-type=\"page\">\n\t\t\t\t\t\t<section class=\"elementor-section elementor-top-section elementor-element elementor-element-1e411662 elementor-hidden-tablet elementor-hidden-mobile elementor-section-boxed elementor-section-height-default elementor-section-height-default\" data-id=\"1e411662\" data-element_type=\"section\">\n\t\t\t\t\t\t<div class=\"elementor-container elementor-column-gap-default\">\n\t\t\t\t\t<div class=\"elementor-column elementor-col-66 elementor-top-column elementor-element elementor-element-5815a6e1\" data-id=\"5815a6e1\" data-element_type=\"column\">\n\t\t\t<div class=\"elementor-widget-wrap elementor-element-populated\">\n\t\t\t\t\t\t<div class=\"elementor-element elementor-element-30c5871e elementor-widget elementor-widget-heading\" data-id=\"30c5871e\" data-element_type=\"widget\" data-widget_type=\"heading.default\">\n\t\t\t\t<div class=\"elementor-widget-container\">\n\t\t\t\t\t<h1 class=\"elementor-heading-title elementor-size-default\">Inspections vid\u00e9o canalisations<\/h1>\t\t\t\t<\/div>\n\t\t\t\t<\/div>\n\t\t\t\t<div class=\"elementor-element elementor-element-20448924 elementor-widget elementor-widget-text-editor\" data-id=\"20448924\" data-element_type=\"widget\" data-widget_type=\"text-editor.default\">\n\t\t\t\t<div class=\"elementor-widget-container\">\n\t\t\t\t\t\t\t\t\t<p class=\"subtitle\">Gr\u00e2ce aux syst\u00e8mes d&rsquo;inspection vid\u00e9o, nous pouvons transporter nos yeux \u00e0 l&rsquo;int\u00e9rieur des canalisations et comprendre quel est le probl\u00e8me \u00e0 r\u00e9soudre.<\/p>\t\t\t\t\t\t\t\t<\/div>\n\t\t\t\t<\/div>\n\t\t\t\t<div class=\"elementor-element elementor-element-239746d3 elementor-widget elementor-widget-text-editor\" data-id=\"239746d3\" data-element_type=\"widget\" data-widget_type=\"text-editor.default\">\n\t\t\t\t<div class=\"elementor-widget-container\">\n\t\t\t\t\t\t\t\t\t<p>Les canalisations de tout diam\u00e8tre risquent un <strong>engorgement continu<\/strong> en raison de d\u00e9fauts structurels (par exemple contre la pente de la canalisation), de blocages de savon et de calcaire, form\u00e9s par l&rsquo;utilisation de plus en plus fr\u00e9quente de d\u00e9tergents et de corps \u00e9trangers qui pour une quelconque raison, que nous ignorons, finissent par se glisser \u00e0 l&rsquo;int\u00e9rieur des tuyaux (papier toilette, chiffons, serpilli\u00e8re pour sols&#8230;) et bien plus encore!<\/p><p>Les syst\u00e8mes d\u2019<strong>inspection vid\u00e9o<\/strong> nous permettent d\u2019organiser au mieux l&rsquo;intervention afin de r\u00e9soudre le probl\u00e8me, gr\u00e2ce \u00e0 nos <strong>canal-jet<\/strong> et aux \u00e9quipements annexes les plus appropri\u00e9s et sp\u00e9cifiques au type d\u2019occlusion.<\/p><p>Nous disposons donc de plusieurs appareils, certains portables pour les plus petits diam\u00e8tres, tandis que pour les grands diam\u00e8tres, nous avons am\u00e9nag\u00e9 une <strong>camionnette dot\u00e9e d\u2019un \u00e9quipement motoris\u00e9 sp\u00e9cifique t\u00e9l\u00e9command\u00e9<\/strong> de l&rsquo;ext\u00e9rieur. Depuis l\u2019unit\u00e9 mobile, \u00e0 l\u2019aide d\u2019un joystick notre op\u00e9rateur guidera un \u2018petit robot\u2019 \u00e0 l\u2019int\u00e9rieur des canalisations et, gr\u00e2ce \u00e0 un moniteur, observera tout ce qui se trouve \u00e0 l\u2019int\u00e9rieur afin de pouvoir identifier le type, la distance et la profondeur du probl\u00e8me.<\/p>\t\t\t\t\t\t\t\t<\/div>\n\t\t\t\t<\/div>\n\t\t\t\t<div class=\"elementor-element elementor-element-445da339 elementor-widget elementor-widget-button\" data-id=\"445da339\" data-element_type=\"widget\" data-widget_type=\"button.default\">\n\t\t\t\t<div class=\"elementor-widget-container\">\n\t\t\t\t\t\t\t\t\t<div class=\"elementor-button-wrapper\">\n\t\t\t\t\t<a class=\"elementor-button elementor-button-link elementor-size-sm\" href=\"https:\/\/www.ciemsrl.com\/fr\/contatti\/\">\n\t\t\t\t\t\t<span class=\"elementor-button-content-wrapper\">\n\t\t\t\t\t\t\t\t\t<span class=\"elementor-button-text\">SOLLICITER CE SERVICE<\/span>\n\t\t\t\t\t<\/span>\n\t\t\t\t\t<\/a>\n\t\t\t\t<\/div>\n\t\t\t\t\t\t\t\t<\/div>\n\t\t\t\t<\/div>\n\t\t\t\t\t<\/div>\n\t\t<\/div>\n\t\t\t\t<div class=\"elementor-column elementor-col-33 elementor-top-column elementor-element elementor-element-702ac451\" data-id=\"702ac451\" data-element_type=\"column\">\n\t\t\t<div class=\"elementor-widget-wrap elementor-element-populated\">\n\t\t\t\t\t\t<div class=\"elementor-element elementor-element-2446b3e elementor-pagination-position-outside elementor-widget elementor-widget-image-carousel\" data-id=\"2446b3e\" data-element_type=\"widget\" data-settings=\"{&quot;slides_to_show&quot;:&quot;1&quot;,&quot;navigation&quot;:&quot;dots&quot;,&quot;autoplay&quot;:&quot;yes&quot;,&quot;pause_on_hover&quot;:&quot;yes&quot;,&quot;pause_on_interaction&quot;:&quot;yes&quot;,&quot;autoplay_speed&quot;:5000,&quot;infinite&quot;:&quot;yes&quot;,&quot;effect&quot;:&quot;slide&quot;,&quot;speed&quot;:500}\" data-widget_type=\"image-carousel.default\">\n\t\t\t\t<div class=\"elementor-widget-container\">\n\t\t\t\t\t\t\t<div class=\"elementor-image-carousel-wrapper swiper\" role=\"region\" aria-roledescription=\"carousel\" aria-label=\"Carrousel d\u2019images\" dir=\"ltr\">\n\t\t\t<div class=\"elementor-image-carousel swiper-wrapper\" aria-live=\"off\">\n\t\t\t\t\t\t\t\t<div class=\"swiper-slide\" role=\"group\" aria-roledescription=\"slide\" aria-label=\"1 sur 3\"><figure class=\"swiper-slide-inner\"><img decoding=\"async\" class=\"swiper-slide-image\" src=\"https:\/\/www.ciemsrl.com\/wp-content\/uploads\/2022\/12\/ciem-video-ispezioni-condotte.jpg\" alt=\"Ciem s.r.l. - Video ispezioni condotte\" \/><\/figure><\/div><div class=\"swiper-slide\" role=\"group\" aria-roledescription=\"slide\" aria-label=\"2 sur 3\"><figure class=\"swiper-slide-inner\"><img decoding=\"async\" class=\"swiper-slide-image\" src=\"https:\/\/www.ciemsrl.com\/wp-content\/uploads\/2023\/01\/ciem-video-ispezioni-condotte-2.jpg\" alt=\"ciem-video-ispezioni-condotte-2\" \/><\/figure><\/div><div class=\"swiper-slide\" role=\"group\" aria-roledescription=\"slide\" aria-label=\"3 sur 3\"><figure class=\"swiper-slide-inner\"><img decoding=\"async\" class=\"swiper-slide-image\" src=\"https:\/\/www.ciemsrl.com\/wp-content\/uploads\/2022\/12\/ciem-video-ispezioni-condotte-3.jpg\" alt=\"Ciem s.r.l. - Video ispezioni condotte\" \/><\/figure><\/div>\t\t\t<\/div>\n\t\t\t\t\t\t\t\n\t\t\t\t\t\t\t\t\t<div class=\"swiper-pagination\"><\/div>\n\t\t\t\t\t\t\t\t\t<\/div>\n\t\t\t\t\t\t<\/div>\n\t\t\t\t<\/div>\n\t\t\t\t\t<\/div>\n\t\t<\/div>\n\t\t\t\t\t<\/div>\n\t\t<\/section>\n\t\t\t\t<section class=\"elementor-section elementor-top-section elementor-element elementor-element-59944855 elementor-hidden-desktop elementor-section-boxed elementor-section-height-default elementor-section-height-default\" data-id=\"59944855\" data-element_type=\"section\">\n\t\t\t\t\t\t<div class=\"elementor-container elementor-column-gap-default\">\n\t\t\t\t\t<div class=\"elementor-column elementor-col-66 elementor-top-column elementor-element elementor-element-4769d816\" data-id=\"4769d816\" data-element_type=\"column\">\n\t\t\t<div class=\"elementor-widget-wrap elementor-element-populated\">\n\t\t\t\t\t\t<div class=\"elementor-element elementor-element-68bf0b8d elementor-widget elementor-widget-heading\" data-id=\"68bf0b8d\" data-element_type=\"widget\" data-widget_type=\"heading.default\">\n\t\t\t\t<div class=\"elementor-widget-container\">\n\t\t\t\t\t<h1 class=\"elementor-heading-title elementor-size-default\">Inspections vid\u00e9o canalisations<\/h1>\t\t\t\t<\/div>\n\t\t\t\t<\/div>\n\t\t\t\t<div class=\"elementor-element elementor-element-5a1800b8 elementor-widget elementor-widget-text-editor\" data-id=\"5a1800b8\" data-element_type=\"widget\" data-widget_type=\"text-editor.default\">\n\t\t\t\t<div class=\"elementor-widget-container\">\n\t\t\t\t\t\t\t\t\t<p class=\"subtitle\">Gr\u00e2ce aux syst\u00e8mes d&rsquo;inspection vid\u00e9o, nous pouvons transporter nos yeux \u00e0 l&rsquo;int\u00e9rieur des canalisations et comprendre quel est le probl\u00e8me \u00e0 r\u00e9soudre.<\/p>\t\t\t\t\t\t\t\t<\/div>\n\t\t\t\t<\/div>\n\t\t\t\t<div class=\"elementor-element elementor-element-100ebbd7 elementor-widget elementor-widget-button\" data-id=\"100ebbd7\" data-element_type=\"widget\" data-widget_type=\"button.default\">\n\t\t\t\t<div class=\"elementor-widget-container\">\n\t\t\t\t\t\t\t\t\t<div class=\"elementor-button-wrapper\">\n\t\t\t\t\t<a class=\"elementor-button elementor-button-link elementor-size-sm\" href=\"https:\/\/www.ciemsrl.com\/fr\/contatti\/\">\n\t\t\t\t\t\t<span class=\"elementor-button-content-wrapper\">\n\t\t\t\t\t\t\t\t\t<span class=\"elementor-button-text\">SOLLICITER CE SERVICE<\/span>\n\t\t\t\t\t<\/span>\n\t\t\t\t\t<\/a>\n\t\t\t\t<\/div>\n\t\t\t\t\t\t\t\t<\/div>\n\t\t\t\t<\/div>\n\t\t\t\t\t<\/div>\n\t\t<\/div>\n\t\t\t\t<div class=\"elementor-column elementor-col-33 elementor-top-column elementor-element elementor-element-5dec53d7\" data-id=\"5dec53d7\" data-element_type=\"column\">\n\t\t\t<div class=\"elementor-widget-wrap elementor-element-populated\">\n\t\t\t\t\t\t<section class=\"elementor-section elementor-inner-section elementor-element elementor-element-55717ceb elementor-section-boxed elementor-section-height-default elementor-section-height-default\" data-id=\"55717ceb\" data-element_type=\"section\">\n\t\t\t\t\t\t<div class=\"elementor-container elementor-column-gap-default\">\n\t\t\t\t\t<div class=\"elementor-column elementor-col-50 elementor-inner-column elementor-element elementor-element-402e8cd1\" data-id=\"402e8cd1\" data-element_type=\"column\">\n\t\t\t<div class=\"elementor-widget-wrap elementor-element-populated\">\n\t\t\t\t\t\t<div class=\"elementor-element elementor-element-40702137 elementor-widget elementor-widget-text-editor\" data-id=\"40702137\" data-element_type=\"widget\" data-widget_type=\"text-editor.default\">\n\t\t\t\t<div class=\"elementor-widget-container\">\n\t\t\t\t\t\t\t\t\t<p>Les canalisations de tout diam\u00e8tre risquent un <strong>engorgement continu<\/strong> en raison de d\u00e9fauts structurels (par exemple contre la pente de la canalisation), de blocages de savon et de calcaire, form\u00e9s par l&rsquo;utilisation de plus en plus fr\u00e9quente de d\u00e9tergents et de corps \u00e9trangers qui pour une quelconque raison, que nous ignorons, finissent par se glisser \u00e0 l&rsquo;int\u00e9rieur des tuyaux (papier toilette, chiffons, serpilli\u00e8re pour sols&#8230;) et bien plus encore!<\/p><p>Les syst\u00e8mes d\u2019<strong>inspection vid\u00e9o<\/strong> nous permettent d\u2019organiser au mieux l&rsquo;intervention afin de r\u00e9soudre le probl\u00e8me, gr\u00e2ce \u00e0 nos <strong>canal-jet<\/strong> et aux \u00e9quipements annexes les plus appropri\u00e9s et sp\u00e9cifiques au type d\u2019occlusion.<\/p><p>Nous disposons donc de plusieurs appareils, certains portables pour les plus petits diam\u00e8tres, tandis que pour les grands diam\u00e8tres, nous avons am\u00e9nag\u00e9 une <strong>camionnette dot\u00e9e d\u2019un \u00e9quipement motoris\u00e9 sp\u00e9cifique t\u00e9l\u00e9command\u00e9<\/strong> de l&rsquo;ext\u00e9rieur. Depuis l\u2019unit\u00e9 mobile, \u00e0 l\u2019aide d\u2019un joystick notre op\u00e9rateur guidera un \u2018petit robot\u2019 \u00e0 l\u2019int\u00e9rieur des canalisations et, gr\u00e2ce \u00e0 un moniteur, observera tout ce qui se trouve \u00e0 l\u2019int\u00e9rieur afin de pouvoir identifier le type, la distance et la profondeur du probl\u00e8me.<\/p>\t\t\t\t\t\t\t\t<\/div>\n\t\t\t\t<\/div>\n\t\t\t\t\t<\/div>\n\t\t<\/div>\n\t\t\t\t<div class=\"elementor-column elementor-col-50 elementor-inner-column elementor-element elementor-element-1a139490\" data-id=\"1a139490\" data-element_type=\"column\">\n\t\t\t<div class=\"elementor-widget-wrap elementor-element-populated\">\n\t\t\t\t\t\t<div class=\"elementor-element elementor-element-ae2a31f elementor-pagination-position-outside elementor-widget elementor-widget-image-carousel\" data-id=\"ae2a31f\" data-element_type=\"widget\" data-settings=\"{&quot;slides_to_show&quot;:&quot;1&quot;,&quot;navigation&quot;:&quot;dots&quot;,&quot;autoplay&quot;:&quot;yes&quot;,&quot;pause_on_hover&quot;:&quot;yes&quot;,&quot;pause_on_interaction&quot;:&quot;yes&quot;,&quot;autoplay_speed&quot;:5000,&quot;infinite&quot;:&quot;yes&quot;,&quot;effect&quot;:&quot;slide&quot;,&quot;speed&quot;:500}\" data-widget_type=\"image-carousel.default\">\n\t\t\t\t<div class=\"elementor-widget-container\">\n\t\t\t\t\t\t\t<div class=\"elementor-image-carousel-wrapper swiper\" role=\"region\" aria-roledescription=\"carousel\" aria-label=\"Carrousel d\u2019images\" dir=\"ltr\">\n\t\t\t<div class=\"elementor-image-carousel swiper-wrapper\" aria-live=\"off\">\n\t\t\t\t\t\t\t\t<div class=\"swiper-slide\" role=\"group\" aria-roledescription=\"slide\" aria-label=\"1 sur 3\"><figure class=\"swiper-slide-inner\"><img decoding=\"async\" class=\"swiper-slide-image\" src=\"https:\/\/www.ciemsrl.com\/wp-content\/uploads\/2022\/12\/ciem-video-ispezioni-condotte.jpg\" alt=\"Ciem s.r.l. - Video ispezioni condotte\" \/><\/figure><\/div><div class=\"swiper-slide\" role=\"group\" aria-roledescription=\"slide\" aria-label=\"2 sur 3\"><figure class=\"swiper-slide-inner\"><img decoding=\"async\" class=\"swiper-slide-image\" src=\"https:\/\/www.ciemsrl.com\/wp-content\/uploads\/2023\/01\/ciem-video-ispezioni-condotte-2.jpg\" alt=\"ciem-video-ispezioni-condotte-2\" \/><\/figure><\/div><div class=\"swiper-slide\" role=\"group\" aria-roledescription=\"slide\" aria-label=\"3 sur 3\"><figure class=\"swiper-slide-inner\"><img decoding=\"async\" class=\"swiper-slide-image\" src=\"https:\/\/www.ciemsrl.com\/wp-content\/uploads\/2022\/12\/ciem-video-ispezioni-condotte-3.jpg\" alt=\"Ciem s.r.l. - Video ispezioni condotte\" \/><\/figure><\/div>\t\t\t<\/div>\n\t\t\t\t\t\t\t\n\t\t\t\t\t\t\t\t\t<div class=\"swiper-pagination\"><\/div>\n\t\t\t\t\t\t\t\t\t<\/div>\n\t\t\t\t\t\t<\/div>\n\t\t\t\t<\/div>\n\t\t\t\t\t<\/div>\n\t\t<\/div>\n\t\t\t\t\t<\/div>\n\t\t<\/section>\n\t\t\t\t\t<\/div>\n\t\t<\/div>\n\t\t\t\t\t<\/div>\n\t\t<\/section>\n\t\t\t\t<\/div>\n\t\t","protected":false},"excerpt":{"rendered":"<p>Inspections vid\u00e9o canalisations Gr\u00e2ce aux syst\u00e8mes d&rsquo;inspection vid\u00e9o, nous pouvons transporter nos yeux \u00e0 l&rsquo;int\u00e9rieur des canalisations et comprendre quel est le probl\u00e8me \u00e0 r\u00e9soudre. Les canalisations de tout diam\u00e8tre risquent un engorgement continu en raison de d\u00e9fauts structurels (par exemple contre la pente de la canalisation), de blocages de savon et de calcaire, form\u00e9s [&hellip;]<\/p>\n","protected":false},"author":1,"featured_media":0,"parent":0,"menu_order":0,"comment_status":"closed","ping_status":"closed","template":"","meta":{"inline_featured_image":false,"footnotes":""},"class_list":["post-906","page","type-page","status-publish","hentry"],"yoast_head":"<!-- This site is optimized with the Yoast SEO plugin v26.0 - https:\/\/yoast.com\/wordpress\/plugins\/seo\/ -->\n<title>Inspections vid\u00e9o canalisations - CIEM Srl<\/title>\n<meta name=\"robots\" content=\"index, follow, max-snippet:-1, max-image-preview:large, max-video-preview:-1\" \/>\n<link rel=\"canonical\" href=\"https:\/\/www.ciemsrl.com\/fr\/inspections-video-canalisations\/\" \/>\n<meta property=\"og:locale\" content=\"fr_FR\" \/>\n<meta property=\"og:type\" content=\"article\" \/>\n<meta property=\"og:title\" content=\"Inspections vid\u00e9o canalisations - CIEM Srl\" \/>\n<meta property=\"og:description\" content=\"Inspections vid\u00e9o canalisations Gr\u00e2ce aux syst\u00e8mes d&rsquo;inspection vid\u00e9o, nous pouvons transporter nos yeux \u00e0 l&rsquo;int\u00e9rieur des canalisations et comprendre quel est le probl\u00e8me \u00e0 r\u00e9soudre. Les canalisations de tout diam\u00e8tre risquent un engorgement continu en raison de d\u00e9fauts structurels (par exemple contre la pente de la canalisation), de blocages de savon et de calcaire, form\u00e9s [&hellip;]\" \/>\n<meta property=\"og:url\" content=\"https:\/\/www.ciemsrl.com\/fr\/inspections-video-canalisations\/\" \/>\n<meta property=\"og:site_name\" content=\"CIEM Srl\" \/>\n<meta property=\"article:publisher\" content=\"https:\/\/www.facebook.com\/ciemsrl.spurgo.rifiuti\" \/>\n<meta property=\"article:modified_time\" content=\"2023-01-02T09:32:15+00:00\" \/>\n<meta property=\"og:image\" content=\"https:\/\/www.ciemsrl.com\/wp-content\/uploads\/2022\/12\/ciem-video-ispezioni-condotte.jpg\" \/>\n<meta name=\"twitter:card\" content=\"summary_large_image\" \/>\n<meta name=\"twitter:label1\" content=\"Dur\u00e9e de lecture estim\u00e9e\" \/>\n\t<meta name=\"twitter:data1\" content=\"5 minutes\" \/>\n<script type=\"application\/ld+json\" class=\"yoast-schema-graph\">{\"@context\":\"https:\/\/schema.org\",\"@graph\":[{\"@type\":\"WebPage\",\"@id\":\"https:\/\/www.ciemsrl.com\/fr\/inspections-video-canalisations\/\",\"url\":\"https:\/\/www.ciemsrl.com\/fr\/inspections-video-canalisations\/\",\"name\":\"Inspections vid\u00e9o canalisations - CIEM Srl\",\"isPartOf\":{\"@id\":\"https:\/\/www.ciemsrl.com\/#website\"},\"primaryImageOfPage\":{\"@id\":\"https:\/\/www.ciemsrl.com\/fr\/inspections-video-canalisations\/#primaryimage\"},\"image\":{\"@id\":\"https:\/\/www.ciemsrl.com\/fr\/inspections-video-canalisations\/#primaryimage\"},\"thumbnailUrl\":\"https:\/\/www.ciemsrl.com\/wp-content\/uploads\/2022\/12\/ciem-video-ispezioni-condotte.jpg\",\"datePublished\":\"2022-12-01T16:37:15+00:00\",\"dateModified\":\"2023-01-02T09:32:15+00:00\",\"breadcrumb\":{\"@id\":\"https:\/\/www.ciemsrl.com\/fr\/inspections-video-canalisations\/#breadcrumb\"},\"inLanguage\":\"fr-FR\",\"potentialAction\":[{\"@type\":\"ReadAction\",\"target\":[\"https:\/\/www.ciemsrl.com\/fr\/inspections-video-canalisations\/\"]}]},{\"@type\":\"ImageObject\",\"inLanguage\":\"fr-FR\",\"@id\":\"https:\/\/www.ciemsrl.com\/fr\/inspections-video-canalisations\/#primaryimage\",\"url\":\"https:\/\/www.ciemsrl.com\/wp-content\/uploads\/2022\/12\/ciem-video-ispezioni-condotte.jpg\",\"contentUrl\":\"https:\/\/www.ciemsrl.com\/wp-content\/uploads\/2022\/12\/ciem-video-ispezioni-condotte.jpg\"},{\"@type\":\"BreadcrumbList\",\"@id\":\"https:\/\/www.ciemsrl.com\/fr\/inspections-video-canalisations\/#breadcrumb\",\"itemListElement\":[{\"@type\":\"ListItem\",\"position\":1,\"name\":\"Home\",\"item\":\"https:\/\/www.ciemsrl.com\/fr\/\"},{\"@type\":\"ListItem\",\"position\":2,\"name\":\"Inspections vid\u00e9o canalisations\"}]},{\"@type\":\"WebSite\",\"@id\":\"https:\/\/www.ciemsrl.com\/#website\",\"url\":\"https:\/\/www.ciemsrl.com\/\",\"name\":\"CIEM Srl\",\"description\":\"Conduzione Impianti Ecologici &amp; Manutenzioni\",\"publisher\":{\"@id\":\"https:\/\/www.ciemsrl.com\/#organization\"},\"potentialAction\":[{\"@type\":\"SearchAction\",\"target\":{\"@type\":\"EntryPoint\",\"urlTemplate\":\"https:\/\/www.ciemsrl.com\/?s={search_term_string}\"},\"query-input\":{\"@type\":\"PropertyValueSpecification\",\"valueRequired\":true,\"valueName\":\"search_term_string\"}}],\"inLanguage\":\"fr-FR\"},{\"@type\":\"Organization\",\"@id\":\"https:\/\/www.ciemsrl.com\/#organization\",\"name\":\"CIEM Srl\",\"url\":\"https:\/\/www.ciemsrl.com\/\",\"logo\":{\"@type\":\"ImageObject\",\"inLanguage\":\"fr-FR\",\"@id\":\"https:\/\/www.ciemsrl.com\/#\/schema\/logo\/image\/\",\"url\":\"https:\/\/www.ciemsrl.com\/wp-content\/uploads\/2022\/11\/ciem-logo.png\",\"contentUrl\":\"https:\/\/www.ciemsrl.com\/wp-content\/uploads\/2022\/11\/ciem-logo.png\",\"width\":384,\"height\":206,\"caption\":\"CIEM Srl\"},\"image\":{\"@id\":\"https:\/\/www.ciemsrl.com\/#\/schema\/logo\/image\/\"},\"sameAs\":[\"https:\/\/www.facebook.com\/ciemsrl.spurgo.rifiuti\",\"https:\/\/www.instagram.com\/ciem.srl\/\"]}]}<\/script>\n<!-- \/ Yoast SEO plugin. -->","yoast_head_json":{"title":"Inspections vid\u00e9o canalisations - CIEM Srl","robots":{"index":"index","follow":"follow","max-snippet":"max-snippet:-1","max-image-preview":"max-image-preview:large","max-video-preview":"max-video-preview:-1"},"canonical":"https:\/\/www.ciemsrl.com\/fr\/inspections-video-canalisations\/","og_locale":"fr_FR","og_type":"article","og_title":"Inspections vid\u00e9o canalisations - CIEM Srl","og_description":"Inspections vid\u00e9o canalisations Gr\u00e2ce aux syst\u00e8mes d&rsquo;inspection vid\u00e9o, nous pouvons transporter nos yeux \u00e0 l&rsquo;int\u00e9rieur des canalisations et comprendre quel est le probl\u00e8me \u00e0 r\u00e9soudre. Les canalisations de tout diam\u00e8tre risquent un engorgement continu en raison de d\u00e9fauts structurels (par exemple contre la pente de la canalisation), de blocages de savon et de calcaire, form\u00e9s [&hellip;]","og_url":"https:\/\/www.ciemsrl.com\/fr\/inspections-video-canalisations\/","og_site_name":"CIEM Srl","article_publisher":"https:\/\/www.facebook.com\/ciemsrl.spurgo.rifiuti","article_modified_time":"2023-01-02T09:32:15+00:00","og_image":[{"url":"https:\/\/www.ciemsrl.com\/wp-content\/uploads\/2022\/12\/ciem-video-ispezioni-condotte.jpg","type":"","width":"","height":""}],"twitter_card":"summary_large_image","twitter_misc":{"Dur\u00e9e de lecture estim\u00e9e":"5 minutes"},"schema":{"@context":"https:\/\/schema.org","@graph":[{"@type":"WebPage","@id":"https:\/\/www.ciemsrl.com\/fr\/inspections-video-canalisations\/","url":"https:\/\/www.ciemsrl.com\/fr\/inspections-video-canalisations\/","name":"Inspections vid\u00e9o canalisations - CIEM Srl","isPartOf":{"@id":"https:\/\/www.ciemsrl.com\/#website"},"primaryImageOfPage":{"@id":"https:\/\/www.ciemsrl.com\/fr\/inspections-video-canalisations\/#primaryimage"},"image":{"@id":"https:\/\/www.ciemsrl.com\/fr\/inspections-video-canalisations\/#primaryimage"},"thumbnailUrl":"https:\/\/www.ciemsrl.com\/wp-content\/uploads\/2022\/12\/ciem-video-ispezioni-condotte.jpg","datePublished":"2022-12-01T16:37:15+00:00","dateModified":"2023-01-02T09:32:15+00:00","breadcrumb":{"@id":"https:\/\/www.ciemsrl.com\/fr\/inspections-video-canalisations\/#breadcrumb"},"inLanguage":"fr-FR","potentialAction":[{"@type":"ReadAction","target":["https:\/\/www.ciemsrl.com\/fr\/inspections-video-canalisations\/"]}]},{"@type":"ImageObject","inLanguage":"fr-FR","@id":"https:\/\/www.ciemsrl.com\/fr\/inspections-video-canalisations\/#primaryimage","url":"https:\/\/www.ciemsrl.com\/wp-content\/uploads\/2022\/12\/ciem-video-ispezioni-condotte.jpg","contentUrl":"https:\/\/www.ciemsrl.com\/wp-content\/uploads\/2022\/12\/ciem-video-ispezioni-condotte.jpg"},{"@type":"BreadcrumbList","@id":"https:\/\/www.ciemsrl.com\/fr\/inspections-video-canalisations\/#breadcrumb","itemListElement":[{"@type":"ListItem","position":1,"name":"Home","item":"https:\/\/www.ciemsrl.com\/fr\/"},{"@type":"ListItem","position":2,"name":"Inspections vid\u00e9o canalisations"}]},{"@type":"WebSite","@id":"https:\/\/www.ciemsrl.com\/#website","url":"https:\/\/www.ciemsrl.com\/","name":"CIEM Srl","description":"Conduzione Impianti Ecologici &amp; Manutenzioni","publisher":{"@id":"https:\/\/www.ciemsrl.com\/#organization"},"potentialAction":[{"@type":"SearchAction","target":{"@type":"EntryPoint","urlTemplate":"https:\/\/www.ciemsrl.com\/?s={search_term_string}"},"query-input":{"@type":"PropertyValueSpecification","valueRequired":true,"valueName":"search_term_string"}}],"inLanguage":"fr-FR"},{"@type":"Organization","@id":"https:\/\/www.ciemsrl.com\/#organization","name":"CIEM Srl","url":"https:\/\/www.ciemsrl.com\/","logo":{"@type":"ImageObject","inLanguage":"fr-FR","@id":"https:\/\/www.ciemsrl.com\/#\/schema\/logo\/image\/","url":"https:\/\/www.ciemsrl.com\/wp-content\/uploads\/2022\/11\/ciem-logo.png","contentUrl":"https:\/\/www.ciemsrl.com\/wp-content\/uploads\/2022\/11\/ciem-logo.png","width":384,"height":206,"caption":"CIEM Srl"},"image":{"@id":"https:\/\/www.ciemsrl.com\/#\/schema\/logo\/image\/"},"sameAs":["https:\/\/www.facebook.com\/ciemsrl.spurgo.rifiuti","https:\/\/www.instagram.com\/ciem.srl\/"]}]}},"_links":{"self":[{"href":"https:\/\/www.ciemsrl.com\/fr\/wp-json\/wp\/v2\/pages\/906","targetHints":{"allow":["GET"]}}],"collection":[{"href":"https:\/\/www.ciemsrl.com\/fr\/wp-json\/wp\/v2\/pages"}],"about":[{"href":"https:\/\/www.ciemsrl.com\/fr\/wp-json\/wp\/v2\/types\/page"}],"author":[{"embeddable":true,"href":"https:\/\/www.ciemsrl.com\/fr\/wp-json\/wp\/v2\/users\/1"}],"replies":[{"embeddable":true,"href":"https:\/\/www.ciemsrl.com\/fr\/wp-json\/wp\/v2\/comments?post=906"}],"version-history":[{"count":7,"href":"https:\/\/www.ciemsrl.com\/fr\/wp-json\/wp\/v2\/pages\/906\/revisions"}],"predecessor-version":[{"id":1129,"href":"https:\/\/www.ciemsrl.com\/fr\/wp-json\/wp\/v2\/pages\/906\/revisions\/1129"}],"wp:attachment":[{"href":"https:\/\/www.ciemsrl.com\/fr\/wp-json\/wp\/v2\/media?parent=906"}],"curies":[{"name":"wp","href":"https:\/\/api.w.org\/{rel}","templated":true}]}}