{"id":910,"date":"2022-12-01T16:43:52","date_gmt":"2022-12-01T16:43:52","guid":{"rendered":"https:\/\/www.ciemsrl.com\/noleggio-wc-chimici\/"},"modified":"2023-01-02T09:39:14","modified_gmt":"2023-01-02T09:39:14","slug":"location-de-toilettes-chimiques","status":"publish","type":"page","link":"https:\/\/www.ciemsrl.com\/fr\/location-de-toilettes-chimiques\/","title":{"rendered":"Location de toilettes chimiques"},"content":{"rendered":"\t\t<div data-elementor-type=\"wp-page\" data-elementor-id=\"910\" class=\"elementor elementor-910 elementor-290\" data-elementor-post-type=\"page\">\n\t\t\t\t\t\t<section class=\"elementor-section elementor-top-section elementor-element elementor-element-647db3c3 elementor-hidden-tablet elementor-hidden-mobile elementor-section-boxed elementor-section-height-default elementor-section-height-default\" data-id=\"647db3c3\" data-element_type=\"section\">\n\t\t\t\t\t\t<div class=\"elementor-container elementor-column-gap-default\">\n\t\t\t\t\t<div class=\"elementor-column elementor-col-66 elementor-top-column elementor-element elementor-element-547079d3\" data-id=\"547079d3\" data-element_type=\"column\">\n\t\t\t<div class=\"elementor-widget-wrap elementor-element-populated\">\n\t\t\t\t\t\t<div class=\"elementor-element elementor-element-7350bbcd elementor-widget elementor-widget-heading\" data-id=\"7350bbcd\" data-element_type=\"widget\" data-widget_type=\"heading.default\">\n\t\t\t\t<div class=\"elementor-widget-container\">\n\t\t\t\t\t<h1 class=\"elementor-heading-title elementor-size-default\">Location de toilettes chimiques<\/h1>\t\t\t\t<\/div>\n\t\t\t\t<\/div>\n\t\t\t\t<div class=\"elementor-element elementor-element-69d1067 elementor-widget elementor-widget-text-editor\" data-id=\"69d1067\" data-element_type=\"widget\" data-widget_type=\"text-editor.default\">\n\t\t\t\t<div class=\"elementor-widget-container\">\n\t\t\t\t\t\t\t\t\t<p class=\"subtitle\">Les toilettes sont livr\u00e9es pr\u00eates \u00e0 l&#8217;emploi, elles comprennent les consommables n\u00e9cessaires et ne n\u00e9cessitent aucune connexion.<\/p>\t\t\t\t\t\t\t\t<\/div>\n\t\t\t\t<\/div>\n\t\t\t\t<div class=\"elementor-element elementor-element-23ef863c elementor-widget elementor-widget-text-editor\" data-id=\"23ef863c\" data-element_type=\"widget\" data-widget_type=\"text-editor.default\">\n\t\t\t\t<div class=\"elementor-widget-container\">\n\t\t\t\t\t\t\t\t\t<p>Les toilettes chimiques sont des <strong>toilettes portables<\/strong> utiles lorsqu\u2019il n&rsquo;y a pas d\u2019infrastructures d\u2019assainissement, de types diff\u00e9rents selon le contexte elles peuvent m\u00eame accueillir les <strong>personnes \u00e0 mobilit\u00e9 r\u00e9duite<\/strong> si n\u00e9cessaire.<\/p><p>Elles peuvent \u00eatre utilis\u00e9es sur les <strong>chantiers de construction<\/strong> conform\u00e9ment au d\u00e9cret l\u00e9gislatif 81\/2008, sur les march\u00e9s, dans les installations \u00e9quip\u00e9es sur les <strong>plages<\/strong>, lors d&rsquo;<strong>\u00e9v\u00e9nements<\/strong> et durant nos <strong>festivals<\/strong> et <strong>f\u00eates champ\u00eatres bien-aim\u00e9s<\/strong>.<\/p><p>En fonction de la dur\u00e9e de la location et du nombre d&rsquo;utilisateurs, un <strong>entretien p\u00e9riodique<\/strong> est programm\u00e9, comprenant le nettoyage, le lavage et la d\u00e9sinfection de la cabine wc, le r\u00e9approvisionnement en consommables et la vidange du r\u00e9servoir \u00e0 d\u00e9chets.<\/p>\t\t\t\t\t\t\t\t<\/div>\n\t\t\t\t<\/div>\n\t\t\t\t<div class=\"elementor-element elementor-element-616130be elementor-widget elementor-widget-button\" data-id=\"616130be\" data-element_type=\"widget\" data-widget_type=\"button.default\">\n\t\t\t\t<div class=\"elementor-widget-container\">\n\t\t\t\t\t\t\t\t\t<div class=\"elementor-button-wrapper\">\n\t\t\t\t\t<a class=\"elementor-button elementor-button-link elementor-size-sm\" href=\"https:\/\/www.ciemsrl.com\/fr\/contatti\/\">\n\t\t\t\t\t\t<span class=\"elementor-button-content-wrapper\">\n\t\t\t\t\t\t\t\t\t<span class=\"elementor-button-text\">SOLLICITER CE SERVICE<\/span>\n\t\t\t\t\t<\/span>\n\t\t\t\t\t<\/a>\n\t\t\t\t<\/div>\n\t\t\t\t\t\t\t\t<\/div>\n\t\t\t\t<\/div>\n\t\t\t\t\t<\/div>\n\t\t<\/div>\n\t\t\t\t<div class=\"elementor-column elementor-col-33 elementor-top-column elementor-element elementor-element-35f54891\" data-id=\"35f54891\" data-element_type=\"column\">\n\t\t\t<div class=\"elementor-widget-wrap elementor-element-populated\">\n\t\t\t\t\t\t<div class=\"elementor-element elementor-element-1badc46 elementor-pagination-position-outside elementor-widget elementor-widget-image-carousel\" data-id=\"1badc46\" data-element_type=\"widget\" data-settings=\"{&quot;slides_to_show&quot;:&quot;1&quot;,&quot;navigation&quot;:&quot;dots&quot;,&quot;autoplay&quot;:&quot;yes&quot;,&quot;pause_on_hover&quot;:&quot;yes&quot;,&quot;pause_on_interaction&quot;:&quot;yes&quot;,&quot;autoplay_speed&quot;:5000,&quot;infinite&quot;:&quot;yes&quot;,&quot;effect&quot;:&quot;slide&quot;,&quot;speed&quot;:500}\" data-widget_type=\"image-carousel.default\">\n\t\t\t\t<div class=\"elementor-widget-container\">\n\t\t\t\t\t\t\t<div class=\"elementor-image-carousel-wrapper swiper\" role=\"region\" aria-roledescription=\"carousel\" aria-label=\"Carrousel d\u2019images\" dir=\"ltr\">\n\t\t\t<div class=\"elementor-image-carousel swiper-wrapper\" aria-live=\"off\">\n\t\t\t\t\t\t\t\t<div class=\"swiper-slide\" role=\"group\" aria-roledescription=\"slide\" aria-label=\"1 sur 3\"><figure class=\"swiper-slide-inner\"><img decoding=\"async\" class=\"swiper-slide-image\" src=\"https:\/\/www.ciemsrl.com\/wp-content\/uploads\/2022\/12\/ciem-noleggio-wc-chimici.jpg\" alt=\"Ciem s.r.l. - Noleggio WC chimici\" \/><\/figure><\/div><div class=\"swiper-slide\" role=\"group\" aria-roledescription=\"slide\" aria-label=\"2 sur 3\"><figure class=\"swiper-slide-inner\"><img decoding=\"async\" class=\"swiper-slide-image\" src=\"https:\/\/www.ciemsrl.com\/wp-content\/uploads\/2022\/12\/ciem-noleggio-wc-chimici-2.jpg\" alt=\"Ciem s.r.l. - Noleggio WC chimici\" \/><\/figure><\/div><div class=\"swiper-slide\" role=\"group\" aria-roledescription=\"slide\" aria-label=\"3 sur 3\"><figure class=\"swiper-slide-inner\"><img decoding=\"async\" class=\"swiper-slide-image\" src=\"https:\/\/www.ciemsrl.com\/wp-content\/uploads\/2023\/01\/ciem-noleggio-wc-chimici-3.jpg\" alt=\"Ciem s.r.l. - Noleggio WC chimici\" \/><\/figure><\/div>\t\t\t<\/div>\n\t\t\t\t\t\t\t\n\t\t\t\t\t\t\t\t\t<div class=\"swiper-pagination\"><\/div>\n\t\t\t\t\t\t\t\t\t<\/div>\n\t\t\t\t\t\t<\/div>\n\t\t\t\t<\/div>\n\t\t\t\t\t<\/div>\n\t\t<\/div>\n\t\t\t\t\t<\/div>\n\t\t<\/section>\n\t\t\t\t<section class=\"elementor-section elementor-top-section elementor-element elementor-element-4769955c elementor-hidden-desktop elementor-section-boxed elementor-section-height-default elementor-section-height-default\" data-id=\"4769955c\" data-element_type=\"section\">\n\t\t\t\t\t\t<div class=\"elementor-container elementor-column-gap-default\">\n\t\t\t\t\t<div class=\"elementor-column elementor-col-66 elementor-top-column elementor-element elementor-element-443349f7\" data-id=\"443349f7\" data-element_type=\"column\">\n\t\t\t<div class=\"elementor-widget-wrap elementor-element-populated\">\n\t\t\t\t\t\t<div class=\"elementor-element elementor-element-37d57d7e elementor-widget elementor-widget-heading\" data-id=\"37d57d7e\" data-element_type=\"widget\" data-widget_type=\"heading.default\">\n\t\t\t\t<div class=\"elementor-widget-container\">\n\t\t\t\t\t<h1 class=\"elementor-heading-title elementor-size-default\">Location de toilettes chimiques<\/h1>\t\t\t\t<\/div>\n\t\t\t\t<\/div>\n\t\t\t\t<div class=\"elementor-element elementor-element-23087ea9 elementor-widget elementor-widget-text-editor\" data-id=\"23087ea9\" data-element_type=\"widget\" data-widget_type=\"text-editor.default\">\n\t\t\t\t<div class=\"elementor-widget-container\">\n\t\t\t\t\t\t\t\t\t<p class=\"subtitle\">Les toilettes sont livr\u00e9es pr\u00eates \u00e0 l&#8217;emploi, elles comprennent les consommables n\u00e9cessaires et ne n\u00e9cessitent aucune connexion.<\/p>\t\t\t\t\t\t\t\t<\/div>\n\t\t\t\t<\/div>\n\t\t\t\t<div class=\"elementor-element elementor-element-3ececd27 elementor-widget elementor-widget-button\" data-id=\"3ececd27\" data-element_type=\"widget\" data-widget_type=\"button.default\">\n\t\t\t\t<div class=\"elementor-widget-container\">\n\t\t\t\t\t\t\t\t\t<div class=\"elementor-button-wrapper\">\n\t\t\t\t\t<a class=\"elementor-button elementor-button-link elementor-size-sm\" href=\"https:\/\/www.ciemsrl.com\/fr\/contatti\/\">\n\t\t\t\t\t\t<span class=\"elementor-button-content-wrapper\">\n\t\t\t\t\t\t\t\t\t<span class=\"elementor-button-text\">SOLLICITER CE SERVICE<\/span>\n\t\t\t\t\t<\/span>\n\t\t\t\t\t<\/a>\n\t\t\t\t<\/div>\n\t\t\t\t\t\t\t\t<\/div>\n\t\t\t\t<\/div>\n\t\t\t\t\t<\/div>\n\t\t<\/div>\n\t\t\t\t<div class=\"elementor-column elementor-col-33 elementor-top-column elementor-element elementor-element-170681a4\" data-id=\"170681a4\" data-element_type=\"column\">\n\t\t\t<div class=\"elementor-widget-wrap elementor-element-populated\">\n\t\t\t\t\t\t<section class=\"elementor-section elementor-inner-section elementor-element elementor-element-95eccad elementor-section-boxed elementor-section-height-default elementor-section-height-default\" data-id=\"95eccad\" data-element_type=\"section\">\n\t\t\t\t\t\t<div class=\"elementor-container elementor-column-gap-default\">\n\t\t\t\t\t<div class=\"elementor-column elementor-col-50 elementor-inner-column elementor-element elementor-element-52c3d735\" data-id=\"52c3d735\" data-element_type=\"column\">\n\t\t\t<div class=\"elementor-widget-wrap elementor-element-populated\">\n\t\t\t\t\t\t<div class=\"elementor-element elementor-element-1e99221 elementor-widget elementor-widget-text-editor\" data-id=\"1e99221\" data-element_type=\"widget\" data-widget_type=\"text-editor.default\">\n\t\t\t\t<div class=\"elementor-widget-container\">\n\t\t\t\t\t\t\t\t\t<p>Les toilettes chimiques sont des <strong>toilettes portables<\/strong> utiles lorsqu\u2019il n&rsquo;y a pas d\u2019infrastructures d\u2019assainissement, de types diff\u00e9rents selon le contexte elles peuvent m\u00eame accueillir les <strong>personnes \u00e0 mobilit\u00e9 r\u00e9duite<\/strong> si n\u00e9cessaire.<\/p><p>Elles peuvent \u00eatre utilis\u00e9es sur les <strong>chantiers de construction<\/strong> conform\u00e9ment au d\u00e9cret l\u00e9gislatif 81\/2008, sur les march\u00e9s, dans les installations \u00e9quip\u00e9es sur les <strong>plages<\/strong>, lors d&rsquo;<strong>\u00e9v\u00e9nements<\/strong> et durant nos <strong>festivals<\/strong> et <strong>f\u00eates champ\u00eatres bien-aim\u00e9s<\/strong>.<\/p><p>En fonction de la dur\u00e9e de la location et du nombre d&rsquo;utilisateurs, un <strong>entretien p\u00e9riodique<\/strong> est programm\u00e9, comprenant le nettoyage, le lavage et la d\u00e9sinfection de la cabine wc, le r\u00e9approvisionnement en consommables et la vidange du r\u00e9servoir \u00e0 d\u00e9chets.<\/p>\t\t\t\t\t\t\t\t<\/div>\n\t\t\t\t<\/div>\n\t\t\t\t\t<\/div>\n\t\t<\/div>\n\t\t\t\t<div class=\"elementor-column elementor-col-50 elementor-inner-column elementor-element elementor-element-6b0bc03c\" data-id=\"6b0bc03c\" data-element_type=\"column\">\n\t\t\t<div class=\"elementor-widget-wrap elementor-element-populated\">\n\t\t\t\t\t\t<div class=\"elementor-element elementor-element-1f54066 elementor-pagination-position-outside elementor-widget elementor-widget-image-carousel\" data-id=\"1f54066\" data-element_type=\"widget\" data-settings=\"{&quot;slides_to_show&quot;:&quot;1&quot;,&quot;navigation&quot;:&quot;dots&quot;,&quot;autoplay&quot;:&quot;yes&quot;,&quot;pause_on_hover&quot;:&quot;yes&quot;,&quot;pause_on_interaction&quot;:&quot;yes&quot;,&quot;autoplay_speed&quot;:5000,&quot;infinite&quot;:&quot;yes&quot;,&quot;effect&quot;:&quot;slide&quot;,&quot;speed&quot;:500}\" data-widget_type=\"image-carousel.default\">\n\t\t\t\t<div class=\"elementor-widget-container\">\n\t\t\t\t\t\t\t<div class=\"elementor-image-carousel-wrapper swiper\" role=\"region\" aria-roledescription=\"carousel\" aria-label=\"Carrousel d\u2019images\" dir=\"ltr\">\n\t\t\t<div class=\"elementor-image-carousel swiper-wrapper\" aria-live=\"off\">\n\t\t\t\t\t\t\t\t<div class=\"swiper-slide\" role=\"group\" aria-roledescription=\"slide\" aria-label=\"1 sur 3\"><figure class=\"swiper-slide-inner\"><img decoding=\"async\" class=\"swiper-slide-image\" src=\"https:\/\/www.ciemsrl.com\/wp-content\/uploads\/2022\/12\/ciem-noleggio-wc-chimici.jpg\" alt=\"Ciem s.r.l. - Noleggio WC chimici\" \/><\/figure><\/div><div class=\"swiper-slide\" role=\"group\" aria-roledescription=\"slide\" aria-label=\"2 sur 3\"><figure class=\"swiper-slide-inner\"><img decoding=\"async\" class=\"swiper-slide-image\" src=\"https:\/\/www.ciemsrl.com\/wp-content\/uploads\/2022\/12\/ciem-noleggio-wc-chimici-2.jpg\" alt=\"Ciem s.r.l. - Noleggio WC chimici\" \/><\/figure><\/div><div class=\"swiper-slide\" role=\"group\" aria-roledescription=\"slide\" aria-label=\"3 sur 3\"><figure class=\"swiper-slide-inner\"><img decoding=\"async\" class=\"swiper-slide-image\" src=\"https:\/\/www.ciemsrl.com\/wp-content\/uploads\/2023\/01\/ciem-noleggio-wc-chimici-3.jpg\" alt=\"Ciem s.r.l. - Noleggio WC chimici\" \/><\/figure><\/div>\t\t\t<\/div>\n\t\t\t\t\t\t\t\n\t\t\t\t\t\t\t\t\t<div class=\"swiper-pagination\"><\/div>\n\t\t\t\t\t\t\t\t\t<\/div>\n\t\t\t\t\t\t<\/div>\n\t\t\t\t<\/div>\n\t\t\t\t\t<\/div>\n\t\t<\/div>\n\t\t\t\t\t<\/div>\n\t\t<\/section>\n\t\t\t\t\t<\/div>\n\t\t<\/div>\n\t\t\t\t\t<\/div>\n\t\t<\/section>\n\t\t\t\t<\/div>\n\t\t","protected":false},"excerpt":{"rendered":"<p>Location de toilettes chimiques Les toilettes sont livr\u00e9es pr\u00eates \u00e0 l&#8217;emploi, elles comprennent les consommables n\u00e9cessaires et ne n\u00e9cessitent aucune connexion. Les toilettes chimiques sont des toilettes portables utiles lorsqu\u2019il n&rsquo;y a pas d\u2019infrastructures d\u2019assainissement, de types diff\u00e9rents selon le contexte elles peuvent m\u00eame accueillir les personnes \u00e0 mobilit\u00e9 r\u00e9duite si n\u00e9cessaire. Elles peuvent \u00eatre [&hellip;]<\/p>\n","protected":false},"author":1,"featured_media":0,"parent":0,"menu_order":0,"comment_status":"closed","ping_status":"closed","template":"","meta":{"inline_featured_image":false,"footnotes":""},"class_list":["post-910","page","type-page","status-publish","hentry"],"yoast_head":"<!-- This site is optimized with the Yoast SEO plugin v26.0 - https:\/\/yoast.com\/wordpress\/plugins\/seo\/ -->\n<title>Location de toilettes chimiques - CIEM Srl<\/title>\n<meta name=\"robots\" content=\"index, follow, max-snippet:-1, max-image-preview:large, max-video-preview:-1\" \/>\n<link rel=\"canonical\" href=\"https:\/\/www.ciemsrl.com\/noleggio-wc-chimici\/\" \/>\n<meta property=\"og:locale\" content=\"fr_FR\" \/>\n<meta property=\"og:type\" content=\"article\" \/>\n<meta property=\"og:title\" content=\"Location de toilettes chimiques - CIEM Srl\" \/>\n<meta property=\"og:description\" content=\"Location de toilettes chimiques Les toilettes sont livr\u00e9es pr\u00eates \u00e0 l&#8217;emploi, elles comprennent les consommables n\u00e9cessaires et ne n\u00e9cessitent aucune connexion. Les toilettes chimiques sont des toilettes portables utiles lorsqu\u2019il n&rsquo;y a pas d\u2019infrastructures d\u2019assainissement, de types diff\u00e9rents selon le contexte elles peuvent m\u00eame accueillir les personnes \u00e0 mobilit\u00e9 r\u00e9duite si n\u00e9cessaire. Elles peuvent \u00eatre [&hellip;]\" \/>\n<meta property=\"og:url\" content=\"https:\/\/www.ciemsrl.com\/noleggio-wc-chimici\/\" \/>\n<meta property=\"og:site_name\" content=\"CIEM Srl\" \/>\n<meta property=\"article:publisher\" content=\"https:\/\/www.facebook.com\/ciemsrl.spurgo.rifiuti\" \/>\n<meta property=\"article:modified_time\" content=\"2023-01-02T09:39:14+00:00\" \/>\n<meta property=\"og:image\" content=\"https:\/\/www.ciemsrl.com\/wp-content\/uploads\/2022\/12\/ciem-noleggio-wc-chimici.jpg\" \/>\n<meta name=\"twitter:card\" content=\"summary_large_image\" \/>\n<meta name=\"twitter:label1\" content=\"Dur\u00e9e de lecture estim\u00e9e\" \/>\n\t<meta name=\"twitter:data1\" content=\"4 minutes\" \/>\n<script type=\"application\/ld+json\" class=\"yoast-schema-graph\">{\"@context\":\"https:\/\/schema.org\",\"@graph\":[{\"@type\":\"WebPage\",\"@id\":\"https:\/\/www.ciemsrl.com\/noleggio-wc-chimici\/\",\"url\":\"https:\/\/www.ciemsrl.com\/noleggio-wc-chimici\/\",\"name\":\"Location de toilettes chimiques - CIEM Srl\",\"isPartOf\":{\"@id\":\"https:\/\/www.ciemsrl.com\/#website\"},\"primaryImageOfPage\":{\"@id\":\"https:\/\/www.ciemsrl.com\/noleggio-wc-chimici\/#primaryimage\"},\"image\":{\"@id\":\"https:\/\/www.ciemsrl.com\/noleggio-wc-chimici\/#primaryimage\"},\"thumbnailUrl\":\"https:\/\/www.ciemsrl.com\/wp-content\/uploads\/2022\/12\/ciem-noleggio-wc-chimici.jpg\",\"datePublished\":\"2022-12-01T16:43:52+00:00\",\"dateModified\":\"2023-01-02T09:39:14+00:00\",\"breadcrumb\":{\"@id\":\"https:\/\/www.ciemsrl.com\/noleggio-wc-chimici\/#breadcrumb\"},\"inLanguage\":\"fr-FR\",\"potentialAction\":[{\"@type\":\"ReadAction\",\"target\":[\"https:\/\/www.ciemsrl.com\/noleggio-wc-chimici\/\"]}]},{\"@type\":\"ImageObject\",\"inLanguage\":\"fr-FR\",\"@id\":\"https:\/\/www.ciemsrl.com\/noleggio-wc-chimici\/#primaryimage\",\"url\":\"https:\/\/www.ciemsrl.com\/wp-content\/uploads\/2022\/12\/ciem-noleggio-wc-chimici.jpg\",\"contentUrl\":\"https:\/\/www.ciemsrl.com\/wp-content\/uploads\/2022\/12\/ciem-noleggio-wc-chimici.jpg\"},{\"@type\":\"BreadcrumbList\",\"@id\":\"https:\/\/www.ciemsrl.com\/noleggio-wc-chimici\/#breadcrumb\",\"itemListElement\":[{\"@type\":\"ListItem\",\"position\":1,\"name\":\"Home\",\"item\":\"https:\/\/www.ciemsrl.com\/fr\/\"},{\"@type\":\"ListItem\",\"position\":2,\"name\":\"Location de toilettes chimiques\"}]},{\"@type\":\"WebSite\",\"@id\":\"https:\/\/www.ciemsrl.com\/#website\",\"url\":\"https:\/\/www.ciemsrl.com\/\",\"name\":\"CIEM Srl\",\"description\":\"Conduzione Impianti Ecologici &amp; Manutenzioni\",\"publisher\":{\"@id\":\"https:\/\/www.ciemsrl.com\/#organization\"},\"potentialAction\":[{\"@type\":\"SearchAction\",\"target\":{\"@type\":\"EntryPoint\",\"urlTemplate\":\"https:\/\/www.ciemsrl.com\/?s={search_term_string}\"},\"query-input\":{\"@type\":\"PropertyValueSpecification\",\"valueRequired\":true,\"valueName\":\"search_term_string\"}}],\"inLanguage\":\"fr-FR\"},{\"@type\":\"Organization\",\"@id\":\"https:\/\/www.ciemsrl.com\/#organization\",\"name\":\"CIEM Srl\",\"url\":\"https:\/\/www.ciemsrl.com\/\",\"logo\":{\"@type\":\"ImageObject\",\"inLanguage\":\"fr-FR\",\"@id\":\"https:\/\/www.ciemsrl.com\/#\/schema\/logo\/image\/\",\"url\":\"https:\/\/www.ciemsrl.com\/wp-content\/uploads\/2022\/11\/ciem-logo.png\",\"contentUrl\":\"https:\/\/www.ciemsrl.com\/wp-content\/uploads\/2022\/11\/ciem-logo.png\",\"width\":384,\"height\":206,\"caption\":\"CIEM Srl\"},\"image\":{\"@id\":\"https:\/\/www.ciemsrl.com\/#\/schema\/logo\/image\/\"},\"sameAs\":[\"https:\/\/www.facebook.com\/ciemsrl.spurgo.rifiuti\",\"https:\/\/www.instagram.com\/ciem.srl\/\"]}]}<\/script>\n<!-- \/ Yoast SEO plugin. -->","yoast_head_json":{"title":"Location de toilettes chimiques - CIEM Srl","robots":{"index":"index","follow":"follow","max-snippet":"max-snippet:-1","max-image-preview":"max-image-preview:large","max-video-preview":"max-video-preview:-1"},"canonical":"https:\/\/www.ciemsrl.com\/noleggio-wc-chimici\/","og_locale":"fr_FR","og_type":"article","og_title":"Location de toilettes chimiques - CIEM Srl","og_description":"Location de toilettes chimiques Les toilettes sont livr\u00e9es pr\u00eates \u00e0 l&#8217;emploi, elles comprennent les consommables n\u00e9cessaires et ne n\u00e9cessitent aucune connexion. Les toilettes chimiques sont des toilettes portables utiles lorsqu\u2019il n&rsquo;y a pas d\u2019infrastructures d\u2019assainissement, de types diff\u00e9rents selon le contexte elles peuvent m\u00eame accueillir les personnes \u00e0 mobilit\u00e9 r\u00e9duite si n\u00e9cessaire. Elles peuvent \u00eatre [&hellip;]","og_url":"https:\/\/www.ciemsrl.com\/noleggio-wc-chimici\/","og_site_name":"CIEM Srl","article_publisher":"https:\/\/www.facebook.com\/ciemsrl.spurgo.rifiuti","article_modified_time":"2023-01-02T09:39:14+00:00","og_image":[{"url":"https:\/\/www.ciemsrl.com\/wp-content\/uploads\/2022\/12\/ciem-noleggio-wc-chimici.jpg","type":"","width":"","height":""}],"twitter_card":"summary_large_image","twitter_misc":{"Dur\u00e9e de lecture estim\u00e9e":"4 minutes"},"schema":{"@context":"https:\/\/schema.org","@graph":[{"@type":"WebPage","@id":"https:\/\/www.ciemsrl.com\/noleggio-wc-chimici\/","url":"https:\/\/www.ciemsrl.com\/noleggio-wc-chimici\/","name":"Location de toilettes chimiques - CIEM Srl","isPartOf":{"@id":"https:\/\/www.ciemsrl.com\/#website"},"primaryImageOfPage":{"@id":"https:\/\/www.ciemsrl.com\/noleggio-wc-chimici\/#primaryimage"},"image":{"@id":"https:\/\/www.ciemsrl.com\/noleggio-wc-chimici\/#primaryimage"},"thumbnailUrl":"https:\/\/www.ciemsrl.com\/wp-content\/uploads\/2022\/12\/ciem-noleggio-wc-chimici.jpg","datePublished":"2022-12-01T16:43:52+00:00","dateModified":"2023-01-02T09:39:14+00:00","breadcrumb":{"@id":"https:\/\/www.ciemsrl.com\/noleggio-wc-chimici\/#breadcrumb"},"inLanguage":"fr-FR","potentialAction":[{"@type":"ReadAction","target":["https:\/\/www.ciemsrl.com\/noleggio-wc-chimici\/"]}]},{"@type":"ImageObject","inLanguage":"fr-FR","@id":"https:\/\/www.ciemsrl.com\/noleggio-wc-chimici\/#primaryimage","url":"https:\/\/www.ciemsrl.com\/wp-content\/uploads\/2022\/12\/ciem-noleggio-wc-chimici.jpg","contentUrl":"https:\/\/www.ciemsrl.com\/wp-content\/uploads\/2022\/12\/ciem-noleggio-wc-chimici.jpg"},{"@type":"BreadcrumbList","@id":"https:\/\/www.ciemsrl.com\/noleggio-wc-chimici\/#breadcrumb","itemListElement":[{"@type":"ListItem","position":1,"name":"Home","item":"https:\/\/www.ciemsrl.com\/fr\/"},{"@type":"ListItem","position":2,"name":"Location de toilettes chimiques"}]},{"@type":"WebSite","@id":"https:\/\/www.ciemsrl.com\/#website","url":"https:\/\/www.ciemsrl.com\/","name":"CIEM Srl","description":"Conduzione Impianti Ecologici &amp; Manutenzioni","publisher":{"@id":"https:\/\/www.ciemsrl.com\/#organization"},"potentialAction":[{"@type":"SearchAction","target":{"@type":"EntryPoint","urlTemplate":"https:\/\/www.ciemsrl.com\/?s={search_term_string}"},"query-input":{"@type":"PropertyValueSpecification","valueRequired":true,"valueName":"search_term_string"}}],"inLanguage":"fr-FR"},{"@type":"Organization","@id":"https:\/\/www.ciemsrl.com\/#organization","name":"CIEM Srl","url":"https:\/\/www.ciemsrl.com\/","logo":{"@type":"ImageObject","inLanguage":"fr-FR","@id":"https:\/\/www.ciemsrl.com\/#\/schema\/logo\/image\/","url":"https:\/\/www.ciemsrl.com\/wp-content\/uploads\/2022\/11\/ciem-logo.png","contentUrl":"https:\/\/www.ciemsrl.com\/wp-content\/uploads\/2022\/11\/ciem-logo.png","width":384,"height":206,"caption":"CIEM Srl"},"image":{"@id":"https:\/\/www.ciemsrl.com\/#\/schema\/logo\/image\/"},"sameAs":["https:\/\/www.facebook.com\/ciemsrl.spurgo.rifiuti","https:\/\/www.instagram.com\/ciem.srl\/"]}]}},"_links":{"self":[{"href":"https:\/\/www.ciemsrl.com\/fr\/wp-json\/wp\/v2\/pages\/910","targetHints":{"allow":["GET"]}}],"collection":[{"href":"https:\/\/www.ciemsrl.com\/fr\/wp-json\/wp\/v2\/pages"}],"about":[{"href":"https:\/\/www.ciemsrl.com\/fr\/wp-json\/wp\/v2\/types\/page"}],"author":[{"embeddable":true,"href":"https:\/\/www.ciemsrl.com\/fr\/wp-json\/wp\/v2\/users\/1"}],"replies":[{"embeddable":true,"href":"https:\/\/www.ciemsrl.com\/fr\/wp-json\/wp\/v2\/comments?post=910"}],"version-history":[{"count":10,"href":"https:\/\/www.ciemsrl.com\/fr\/wp-json\/wp\/v2\/pages\/910\/revisions"}],"predecessor-version":[{"id":1143,"href":"https:\/\/www.ciemsrl.com\/fr\/wp-json\/wp\/v2\/pages\/910\/revisions\/1143"}],"wp:attachment":[{"href":"https:\/\/www.ciemsrl.com\/fr\/wp-json\/wp\/v2\/media?parent=910"}],"curies":[{"name":"wp","href":"https:\/\/api.w.org\/{rel}","templated":true}]}}