{"id":915,"date":"2022-12-01T16:45:58","date_gmt":"2022-12-01T16:45:58","guid":{"rendered":"https:\/\/www.ciemsrl.com\/svuotamento-serbatoio-yacht\/"},"modified":"2023-01-02T09:56:27","modified_gmt":"2023-01-02T09:56:27","slug":"vidange-cuve-yacht","status":"publish","type":"page","link":"https:\/\/www.ciemsrl.com\/fr\/vidange-cuve-yacht\/","title":{"rendered":"Vidange cuve yacht"},"content":{"rendered":"\t\t<div data-elementor-type=\"wp-page\" data-elementor-id=\"915\" class=\"elementor elementor-915 elementor-296\" data-elementor-post-type=\"page\">\n\t\t\t\t\t\t<section class=\"elementor-section elementor-top-section elementor-element elementor-element-ae7c9d6 elementor-hidden-tablet elementor-hidden-mobile elementor-section-boxed elementor-section-height-default elementor-section-height-default\" data-id=\"ae7c9d6\" data-element_type=\"section\">\n\t\t\t\t\t\t<div class=\"elementor-container elementor-column-gap-default\">\n\t\t\t\t\t<div class=\"elementor-column elementor-col-66 elementor-top-column elementor-element elementor-element-3ccc2215\" data-id=\"3ccc2215\" data-element_type=\"column\">\n\t\t\t<div class=\"elementor-widget-wrap elementor-element-populated\">\n\t\t\t\t\t\t<div class=\"elementor-element elementor-element-30f21d53 elementor-widget elementor-widget-heading\" data-id=\"30f21d53\" data-element_type=\"widget\" data-widget_type=\"heading.default\">\n\t\t\t\t<div class=\"elementor-widget-container\">\n\t\t\t\t\t<h1 class=\"elementor-heading-title elementor-size-default\">Vidange cuve yacht<\/h1>\t\t\t\t<\/div>\n\t\t\t\t<\/div>\n\t\t\t\t<div class=\"elementor-element elementor-element-1d2a9728 elementor-widget elementor-widget-text-editor\" data-id=\"1d2a9728\" data-element_type=\"widget\" data-widget_type=\"text-editor.default\">\n\t\t\t\t<div class=\"elementor-widget-container\">\n\t\t\t\t\t\t\t\t\t<p class=\"subtitle\">Nettoyage et vidange des cuves des bateaux amarr\u00e9s dans les diff\u00e9rents ports de plaisance ou dans les lieux de stockage.<\/p>\t\t\t\t\t\t\t\t<\/div>\n\t\t\t\t<\/div>\n\t\t\t\t<div class=\"elementor-element elementor-element-5c7a6c14 elementor-widget elementor-widget-text-editor\" data-id=\"5c7a6c14\" data-element_type=\"widget\" data-widget_type=\"text-editor.default\">\n\t\t\t\t<div class=\"elementor-widget-container\">\n\t\t\t\t\t\t\t\t\t<p>Lorsque les bateaux sont amarr\u00e9s, un <strong>entretien ordinaire<\/strong> et extraordinaire est effectu\u00e9 afin de b\u00e9n\u00e9ficier d\u2019une efficacit\u00e9 maximale pendant la navigation, parmi ces entretiens figurent \u00e9galement la <strong>vidange<\/strong> et le <strong>nettoyage des r\u00e9servoirs d&rsquo;eaux noires<\/strong>, <strong>d&rsquo;eau<\/strong>, des <strong>huiles de cale et de gas-oil<\/strong>.<\/p><p>Nous sommes autoris\u00e9s \u00e0 entrer dans les ports et \u00e0 acc\u00e9der aux quais o\u00f9 les bateaux sont amarr\u00e9s et nous nous occupons de la vidange et du nettoyage de ces r\u00e9servoirs, acheminant les d\u00e9chets dans des d\u00e9charges sp\u00e9cialis\u00e9es selon le type.<\/p>\t\t\t\t\t\t\t\t<\/div>\n\t\t\t\t<\/div>\n\t\t\t\t<div class=\"elementor-element elementor-element-6f10a79c elementor-widget elementor-widget-button\" data-id=\"6f10a79c\" data-element_type=\"widget\" data-widget_type=\"button.default\">\n\t\t\t\t<div class=\"elementor-widget-container\">\n\t\t\t\t\t\t\t\t\t<div class=\"elementor-button-wrapper\">\n\t\t\t\t\t<a class=\"elementor-button elementor-button-link elementor-size-sm\" href=\"https:\/\/www.ciemsrl.com\/fr\/contatti\/\">\n\t\t\t\t\t\t<span class=\"elementor-button-content-wrapper\">\n\t\t\t\t\t\t\t\t\t<span class=\"elementor-button-text\">SOLLICITER CE SERVICE<\/span>\n\t\t\t\t\t<\/span>\n\t\t\t\t\t<\/a>\n\t\t\t\t<\/div>\n\t\t\t\t\t\t\t\t<\/div>\n\t\t\t\t<\/div>\n\t\t\t\t\t<\/div>\n\t\t<\/div>\n\t\t\t\t<div class=\"elementor-column elementor-col-33 elementor-top-column elementor-element elementor-element-325ea0ee\" data-id=\"325ea0ee\" data-element_type=\"column\">\n\t\t\t<div class=\"elementor-widget-wrap elementor-element-populated\">\n\t\t\t\t\t\t<div class=\"elementor-element elementor-element-74ac915 elementor-pagination-position-outside elementor-widget elementor-widget-image-carousel\" data-id=\"74ac915\" data-element_type=\"widget\" data-settings=\"{&quot;slides_to_show&quot;:&quot;1&quot;,&quot;navigation&quot;:&quot;dots&quot;,&quot;autoplay&quot;:&quot;yes&quot;,&quot;pause_on_hover&quot;:&quot;yes&quot;,&quot;pause_on_interaction&quot;:&quot;yes&quot;,&quot;autoplay_speed&quot;:5000,&quot;infinite&quot;:&quot;yes&quot;,&quot;effect&quot;:&quot;slide&quot;,&quot;speed&quot;:500}\" data-widget_type=\"image-carousel.default\">\n\t\t\t\t<div class=\"elementor-widget-container\">\n\t\t\t\t\t\t\t<div class=\"elementor-image-carousel-wrapper swiper\" role=\"region\" aria-roledescription=\"carousel\" aria-label=\"Carrousel d\u2019images\" dir=\"ltr\">\n\t\t\t<div class=\"elementor-image-carousel swiper-wrapper\" aria-live=\"off\">\n\t\t\t\t\t\t\t\t<div class=\"swiper-slide\" role=\"group\" aria-roledescription=\"slide\" aria-label=\"1 sur 3\"><figure class=\"swiper-slide-inner\"><img decoding=\"async\" class=\"swiper-slide-image\" src=\"https:\/\/www.ciemsrl.com\/wp-content\/uploads\/2022\/12\/ciem-svuotamento-serbatoio-yacht.jpg\" alt=\"Ciem s.r.l. - Svuotamento serbatoio yacht\" \/><\/figure><\/div><div class=\"swiper-slide\" role=\"group\" aria-roledescription=\"slide\" aria-label=\"2 sur 3\"><figure class=\"swiper-slide-inner\"><img decoding=\"async\" class=\"swiper-slide-image\" src=\"https:\/\/www.ciemsrl.com\/wp-content\/uploads\/2023\/01\/ciem-svuotamento-serbatoio-yacht-2.jpg\" alt=\"Ciem s.r.l. - Svuotamento serbatoio yacht\" \/><\/figure><\/div><div class=\"swiper-slide\" role=\"group\" aria-roledescription=\"slide\" aria-label=\"3 sur 3\"><figure class=\"swiper-slide-inner\"><img decoding=\"async\" class=\"swiper-slide-image\" src=\"https:\/\/www.ciemsrl.com\/wp-content\/uploads\/2023\/01\/ciem-svuotamento-serbatoio-yacht-3.jpg\" alt=\"Ciem s.r.l. - Svuotamento serbatoio yacht\" \/><\/figure><\/div>\t\t\t<\/div>\n\t\t\t\t\t\t\t\n\t\t\t\t\t\t\t\t\t<div class=\"swiper-pagination\"><\/div>\n\t\t\t\t\t\t\t\t\t<\/div>\n\t\t\t\t\t\t<\/div>\n\t\t\t\t<\/div>\n\t\t\t\t\t<\/div>\n\t\t<\/div>\n\t\t\t\t\t<\/div>\n\t\t<\/section>\n\t\t\t\t<section class=\"elementor-section elementor-top-section elementor-element elementor-element-7b24759a elementor-hidden-desktop elementor-section-boxed elementor-section-height-default elementor-section-height-default\" data-id=\"7b24759a\" data-element_type=\"section\">\n\t\t\t\t\t\t<div class=\"elementor-container elementor-column-gap-default\">\n\t\t\t\t\t<div class=\"elementor-column elementor-col-66 elementor-top-column elementor-element elementor-element-6037e4ac\" data-id=\"6037e4ac\" data-element_type=\"column\">\n\t\t\t<div class=\"elementor-widget-wrap elementor-element-populated\">\n\t\t\t\t\t\t<div class=\"elementor-element elementor-element-17703f82 elementor-widget elementor-widget-heading\" data-id=\"17703f82\" data-element_type=\"widget\" data-widget_type=\"heading.default\">\n\t\t\t\t<div class=\"elementor-widget-container\">\n\t\t\t\t\t<h1 class=\"elementor-heading-title elementor-size-default\">Vidange cuve yacht<\/h1>\t\t\t\t<\/div>\n\t\t\t\t<\/div>\n\t\t\t\t<div class=\"elementor-element elementor-element-2cae938a elementor-widget elementor-widget-text-editor\" data-id=\"2cae938a\" data-element_type=\"widget\" data-widget_type=\"text-editor.default\">\n\t\t\t\t<div class=\"elementor-widget-container\">\n\t\t\t\t\t\t\t\t\t<p class=\"subtitle\">Nettoyage et vidange des cuves des bateaux amarr\u00e9s dans les diff\u00e9rents ports de plaisance ou dans les lieux de stockage.<\/p>\t\t\t\t\t\t\t\t<\/div>\n\t\t\t\t<\/div>\n\t\t\t\t<div class=\"elementor-element elementor-element-29ff473c elementor-widget elementor-widget-button\" data-id=\"29ff473c\" data-element_type=\"widget\" data-widget_type=\"button.default\">\n\t\t\t\t<div class=\"elementor-widget-container\">\n\t\t\t\t\t\t\t\t\t<div class=\"elementor-button-wrapper\">\n\t\t\t\t\t<a class=\"elementor-button elementor-button-link elementor-size-sm\" href=\"https:\/\/www.ciemsrl.com\/fr\/contatti\/\">\n\t\t\t\t\t\t<span class=\"elementor-button-content-wrapper\">\n\t\t\t\t\t\t\t\t\t<span class=\"elementor-button-text\">SOLLICITER CE SERVICE<\/span>\n\t\t\t\t\t<\/span>\n\t\t\t\t\t<\/a>\n\t\t\t\t<\/div>\n\t\t\t\t\t\t\t\t<\/div>\n\t\t\t\t<\/div>\n\t\t\t\t\t<\/div>\n\t\t<\/div>\n\t\t\t\t<div class=\"elementor-column elementor-col-33 elementor-top-column elementor-element elementor-element-1d67ce5b\" data-id=\"1d67ce5b\" data-element_type=\"column\">\n\t\t\t<div class=\"elementor-widget-wrap elementor-element-populated\">\n\t\t\t\t\t\t<section class=\"elementor-section elementor-inner-section elementor-element elementor-element-5d6bd44b elementor-section-boxed elementor-section-height-default elementor-section-height-default\" data-id=\"5d6bd44b\" data-element_type=\"section\">\n\t\t\t\t\t\t<div class=\"elementor-container elementor-column-gap-default\">\n\t\t\t\t\t<div class=\"elementor-column elementor-col-50 elementor-inner-column elementor-element elementor-element-1ae9efbf\" data-id=\"1ae9efbf\" data-element_type=\"column\">\n\t\t\t<div class=\"elementor-widget-wrap elementor-element-populated\">\n\t\t\t\t\t\t<div class=\"elementor-element elementor-element-6d37db99 elementor-widget elementor-widget-text-editor\" data-id=\"6d37db99\" data-element_type=\"widget\" data-widget_type=\"text-editor.default\">\n\t\t\t\t<div class=\"elementor-widget-container\">\n\t\t\t\t\t\t\t\t\t<p>Lorsque les bateaux sont amarr\u00e9s, un <strong>entretien ordinaire<\/strong> et extraordinaire est effectu\u00e9 afin de b\u00e9n\u00e9ficier d\u2019une efficacit\u00e9 maximale pendant la navigation, parmi ces entretiens figurent \u00e9galement la <strong>vidange<\/strong> et le <strong>nettoyage des r\u00e9servoirs d&rsquo;eaux noires<\/strong>, <strong>d&rsquo;eau<\/strong>, des <strong>huiles de cale et de gas-oil<\/strong>.<\/p><p>Nous sommes autoris\u00e9s \u00e0 entrer dans les ports et \u00e0 acc\u00e9der aux quais o\u00f9 les bateaux sont amarr\u00e9s et nous nous occupons de la vidange et du nettoyage de ces r\u00e9servoirs, acheminant les d\u00e9chets dans des d\u00e9charges sp\u00e9cialis\u00e9es selon le type.<\/p>\t\t\t\t\t\t\t\t<\/div>\n\t\t\t\t<\/div>\n\t\t\t\t\t<\/div>\n\t\t<\/div>\n\t\t\t\t<div class=\"elementor-column elementor-col-50 elementor-inner-column elementor-element elementor-element-26f449ec\" data-id=\"26f449ec\" data-element_type=\"column\">\n\t\t\t<div class=\"elementor-widget-wrap elementor-element-populated\">\n\t\t\t\t\t\t<div class=\"elementor-element elementor-element-c2c0ab4 elementor-pagination-position-outside elementor-widget elementor-widget-image-carousel\" data-id=\"c2c0ab4\" data-element_type=\"widget\" data-settings=\"{&quot;slides_to_show&quot;:&quot;1&quot;,&quot;navigation&quot;:&quot;dots&quot;,&quot;autoplay&quot;:&quot;yes&quot;,&quot;pause_on_hover&quot;:&quot;yes&quot;,&quot;pause_on_interaction&quot;:&quot;yes&quot;,&quot;autoplay_speed&quot;:5000,&quot;infinite&quot;:&quot;yes&quot;,&quot;effect&quot;:&quot;slide&quot;,&quot;speed&quot;:500}\" data-widget_type=\"image-carousel.default\">\n\t\t\t\t<div class=\"elementor-widget-container\">\n\t\t\t\t\t\t\t<div class=\"elementor-image-carousel-wrapper swiper\" role=\"region\" aria-roledescription=\"carousel\" aria-label=\"Carrousel d\u2019images\" dir=\"ltr\">\n\t\t\t<div class=\"elementor-image-carousel swiper-wrapper\" aria-live=\"off\">\n\t\t\t\t\t\t\t\t<div class=\"swiper-slide\" role=\"group\" aria-roledescription=\"slide\" aria-label=\"1 sur 3\"><figure class=\"swiper-slide-inner\"><img decoding=\"async\" class=\"swiper-slide-image\" src=\"https:\/\/www.ciemsrl.com\/wp-content\/uploads\/2022\/12\/ciem-svuotamento-serbatoio-yacht.jpg\" alt=\"Ciem s.r.l. - Svuotamento serbatoio yacht\" \/><\/figure><\/div><div class=\"swiper-slide\" role=\"group\" aria-roledescription=\"slide\" aria-label=\"2 sur 3\"><figure class=\"swiper-slide-inner\"><img decoding=\"async\" class=\"swiper-slide-image\" src=\"https:\/\/www.ciemsrl.com\/wp-content\/uploads\/2023\/01\/ciem-svuotamento-serbatoio-yacht-2.jpg\" alt=\"Ciem s.r.l. - Svuotamento serbatoio yacht\" \/><\/figure><\/div><div class=\"swiper-slide\" role=\"group\" aria-roledescription=\"slide\" aria-label=\"3 sur 3\"><figure class=\"swiper-slide-inner\"><img decoding=\"async\" class=\"swiper-slide-image\" src=\"https:\/\/www.ciemsrl.com\/wp-content\/uploads\/2023\/01\/ciem-svuotamento-serbatoio-yacht-3.jpg\" alt=\"Ciem s.r.l. - Svuotamento serbatoio yacht\" \/><\/figure><\/div>\t\t\t<\/div>\n\t\t\t\t\t\t\t\n\t\t\t\t\t\t\t\t\t<div class=\"swiper-pagination\"><\/div>\n\t\t\t\t\t\t\t\t\t<\/div>\n\t\t\t\t\t\t<\/div>\n\t\t\t\t<\/div>\n\t\t\t\t\t<\/div>\n\t\t<\/div>\n\t\t\t\t\t<\/div>\n\t\t<\/section>\n\t\t\t\t\t<\/div>\n\t\t<\/div>\n\t\t\t\t\t<\/div>\n\t\t<\/section>\n\t\t\t\t<\/div>\n\t\t","protected":false},"excerpt":{"rendered":"<p>Vidange cuve yacht Nettoyage et vidange des cuves des bateaux amarr\u00e9s dans les diff\u00e9rents ports de plaisance ou dans les lieux de stockage. Lorsque les bateaux sont amarr\u00e9s, un entretien ordinaire et extraordinaire est effectu\u00e9 afin de b\u00e9n\u00e9ficier d\u2019une efficacit\u00e9 maximale pendant la navigation, parmi ces entretiens figurent \u00e9galement la vidange et le nettoyage des [&hellip;]<\/p>\n","protected":false},"author":1,"featured_media":0,"parent":0,"menu_order":0,"comment_status":"closed","ping_status":"closed","template":"","meta":{"inline_featured_image":false,"footnotes":""},"class_list":["post-915","page","type-page","status-publish","hentry"],"yoast_head":"<!-- This site is optimized with the Yoast SEO plugin v26.0 - https:\/\/yoast.com\/wordpress\/plugins\/seo\/ -->\n<title>Vidange cuve yacht - CIEM Srl<\/title>\n<meta name=\"robots\" content=\"index, follow, max-snippet:-1, max-image-preview:large, max-video-preview:-1\" \/>\n<link rel=\"canonical\" href=\"https:\/\/www.ciemsrl.com\/svuotamento-serbatoio-yacht\/\" \/>\n<meta property=\"og:locale\" content=\"fr_FR\" \/>\n<meta property=\"og:type\" content=\"article\" \/>\n<meta property=\"og:title\" content=\"Vidange cuve yacht - CIEM Srl\" \/>\n<meta property=\"og:description\" content=\"Vidange cuve yacht Nettoyage et vidange des cuves des bateaux amarr\u00e9s dans les diff\u00e9rents ports de plaisance ou dans les lieux de stockage. Lorsque les bateaux sont amarr\u00e9s, un entretien ordinaire et extraordinaire est effectu\u00e9 afin de b\u00e9n\u00e9ficier d\u2019une efficacit\u00e9 maximale pendant la navigation, parmi ces entretiens figurent \u00e9galement la vidange et le nettoyage des [&hellip;]\" \/>\n<meta property=\"og:url\" content=\"https:\/\/www.ciemsrl.com\/svuotamento-serbatoio-yacht\/\" \/>\n<meta property=\"og:site_name\" content=\"CIEM Srl\" \/>\n<meta property=\"article:publisher\" content=\"https:\/\/www.facebook.com\/ciemsrl.spurgo.rifiuti\" \/>\n<meta property=\"article:modified_time\" content=\"2023-01-02T09:56:27+00:00\" \/>\n<meta property=\"og:image\" content=\"https:\/\/www.ciemsrl.com\/wp-content\/uploads\/2022\/12\/ciem-svuotamento-serbatoio-yacht.jpg\" \/>\n<meta name=\"twitter:card\" content=\"summary_large_image\" \/>\n<meta name=\"twitter:label1\" content=\"Dur\u00e9e de lecture estim\u00e9e\" \/>\n\t<meta name=\"twitter:data1\" content=\"4 minutes\" \/>\n<script type=\"application\/ld+json\" class=\"yoast-schema-graph\">{\"@context\":\"https:\/\/schema.org\",\"@graph\":[{\"@type\":\"WebPage\",\"@id\":\"https:\/\/www.ciemsrl.com\/svuotamento-serbatoio-yacht\/\",\"url\":\"https:\/\/www.ciemsrl.com\/svuotamento-serbatoio-yacht\/\",\"name\":\"Vidange cuve yacht - CIEM Srl\",\"isPartOf\":{\"@id\":\"https:\/\/www.ciemsrl.com\/#website\"},\"primaryImageOfPage\":{\"@id\":\"https:\/\/www.ciemsrl.com\/svuotamento-serbatoio-yacht\/#primaryimage\"},\"image\":{\"@id\":\"https:\/\/www.ciemsrl.com\/svuotamento-serbatoio-yacht\/#primaryimage\"},\"thumbnailUrl\":\"https:\/\/www.ciemsrl.com\/wp-content\/uploads\/2022\/12\/ciem-svuotamento-serbatoio-yacht.jpg\",\"datePublished\":\"2022-12-01T16:45:58+00:00\",\"dateModified\":\"2023-01-02T09:56:27+00:00\",\"breadcrumb\":{\"@id\":\"https:\/\/www.ciemsrl.com\/svuotamento-serbatoio-yacht\/#breadcrumb\"},\"inLanguage\":\"fr-FR\",\"potentialAction\":[{\"@type\":\"ReadAction\",\"target\":[\"https:\/\/www.ciemsrl.com\/svuotamento-serbatoio-yacht\/\"]}]},{\"@type\":\"ImageObject\",\"inLanguage\":\"fr-FR\",\"@id\":\"https:\/\/www.ciemsrl.com\/svuotamento-serbatoio-yacht\/#primaryimage\",\"url\":\"https:\/\/www.ciemsrl.com\/wp-content\/uploads\/2022\/12\/ciem-svuotamento-serbatoio-yacht.jpg\",\"contentUrl\":\"https:\/\/www.ciemsrl.com\/wp-content\/uploads\/2022\/12\/ciem-svuotamento-serbatoio-yacht.jpg\"},{\"@type\":\"BreadcrumbList\",\"@id\":\"https:\/\/www.ciemsrl.com\/svuotamento-serbatoio-yacht\/#breadcrumb\",\"itemListElement\":[{\"@type\":\"ListItem\",\"position\":1,\"name\":\"Home\",\"item\":\"https:\/\/www.ciemsrl.com\/fr\/\"},{\"@type\":\"ListItem\",\"position\":2,\"name\":\"Vidange cuve yacht\"}]},{\"@type\":\"WebSite\",\"@id\":\"https:\/\/www.ciemsrl.com\/#website\",\"url\":\"https:\/\/www.ciemsrl.com\/\",\"name\":\"CIEM Srl\",\"description\":\"Conduzione Impianti Ecologici &amp; Manutenzioni\",\"publisher\":{\"@id\":\"https:\/\/www.ciemsrl.com\/#organization\"},\"potentialAction\":[{\"@type\":\"SearchAction\",\"target\":{\"@type\":\"EntryPoint\",\"urlTemplate\":\"https:\/\/www.ciemsrl.com\/?s={search_term_string}\"},\"query-input\":{\"@type\":\"PropertyValueSpecification\",\"valueRequired\":true,\"valueName\":\"search_term_string\"}}],\"inLanguage\":\"fr-FR\"},{\"@type\":\"Organization\",\"@id\":\"https:\/\/www.ciemsrl.com\/#organization\",\"name\":\"CIEM Srl\",\"url\":\"https:\/\/www.ciemsrl.com\/\",\"logo\":{\"@type\":\"ImageObject\",\"inLanguage\":\"fr-FR\",\"@id\":\"https:\/\/www.ciemsrl.com\/#\/schema\/logo\/image\/\",\"url\":\"https:\/\/www.ciemsrl.com\/wp-content\/uploads\/2022\/11\/ciem-logo.png\",\"contentUrl\":\"https:\/\/www.ciemsrl.com\/wp-content\/uploads\/2022\/11\/ciem-logo.png\",\"width\":384,\"height\":206,\"caption\":\"CIEM Srl\"},\"image\":{\"@id\":\"https:\/\/www.ciemsrl.com\/#\/schema\/logo\/image\/\"},\"sameAs\":[\"https:\/\/www.facebook.com\/ciemsrl.spurgo.rifiuti\",\"https:\/\/www.instagram.com\/ciem.srl\/\"]}]}<\/script>\n<!-- \/ Yoast SEO plugin. -->","yoast_head_json":{"title":"Vidange cuve yacht - CIEM Srl","robots":{"index":"index","follow":"follow","max-snippet":"max-snippet:-1","max-image-preview":"max-image-preview:large","max-video-preview":"max-video-preview:-1"},"canonical":"https:\/\/www.ciemsrl.com\/svuotamento-serbatoio-yacht\/","og_locale":"fr_FR","og_type":"article","og_title":"Vidange cuve yacht - CIEM Srl","og_description":"Vidange cuve yacht Nettoyage et vidange des cuves des bateaux amarr\u00e9s dans les diff\u00e9rents ports de plaisance ou dans les lieux de stockage. Lorsque les bateaux sont amarr\u00e9s, un entretien ordinaire et extraordinaire est effectu\u00e9 afin de b\u00e9n\u00e9ficier d\u2019une efficacit\u00e9 maximale pendant la navigation, parmi ces entretiens figurent \u00e9galement la vidange et le nettoyage des [&hellip;]","og_url":"https:\/\/www.ciemsrl.com\/svuotamento-serbatoio-yacht\/","og_site_name":"CIEM Srl","article_publisher":"https:\/\/www.facebook.com\/ciemsrl.spurgo.rifiuti","article_modified_time":"2023-01-02T09:56:27+00:00","og_image":[{"url":"https:\/\/www.ciemsrl.com\/wp-content\/uploads\/2022\/12\/ciem-svuotamento-serbatoio-yacht.jpg","type":"","width":"","height":""}],"twitter_card":"summary_large_image","twitter_misc":{"Dur\u00e9e de lecture estim\u00e9e":"4 minutes"},"schema":{"@context":"https:\/\/schema.org","@graph":[{"@type":"WebPage","@id":"https:\/\/www.ciemsrl.com\/svuotamento-serbatoio-yacht\/","url":"https:\/\/www.ciemsrl.com\/svuotamento-serbatoio-yacht\/","name":"Vidange cuve yacht - CIEM Srl","isPartOf":{"@id":"https:\/\/www.ciemsrl.com\/#website"},"primaryImageOfPage":{"@id":"https:\/\/www.ciemsrl.com\/svuotamento-serbatoio-yacht\/#primaryimage"},"image":{"@id":"https:\/\/www.ciemsrl.com\/svuotamento-serbatoio-yacht\/#primaryimage"},"thumbnailUrl":"https:\/\/www.ciemsrl.com\/wp-content\/uploads\/2022\/12\/ciem-svuotamento-serbatoio-yacht.jpg","datePublished":"2022-12-01T16:45:58+00:00","dateModified":"2023-01-02T09:56:27+00:00","breadcrumb":{"@id":"https:\/\/www.ciemsrl.com\/svuotamento-serbatoio-yacht\/#breadcrumb"},"inLanguage":"fr-FR","potentialAction":[{"@type":"ReadAction","target":["https:\/\/www.ciemsrl.com\/svuotamento-serbatoio-yacht\/"]}]},{"@type":"ImageObject","inLanguage":"fr-FR","@id":"https:\/\/www.ciemsrl.com\/svuotamento-serbatoio-yacht\/#primaryimage","url":"https:\/\/www.ciemsrl.com\/wp-content\/uploads\/2022\/12\/ciem-svuotamento-serbatoio-yacht.jpg","contentUrl":"https:\/\/www.ciemsrl.com\/wp-content\/uploads\/2022\/12\/ciem-svuotamento-serbatoio-yacht.jpg"},{"@type":"BreadcrumbList","@id":"https:\/\/www.ciemsrl.com\/svuotamento-serbatoio-yacht\/#breadcrumb","itemListElement":[{"@type":"ListItem","position":1,"name":"Home","item":"https:\/\/www.ciemsrl.com\/fr\/"},{"@type":"ListItem","position":2,"name":"Vidange cuve yacht"}]},{"@type":"WebSite","@id":"https:\/\/www.ciemsrl.com\/#website","url":"https:\/\/www.ciemsrl.com\/","name":"CIEM Srl","description":"Conduzione Impianti Ecologici &amp; Manutenzioni","publisher":{"@id":"https:\/\/www.ciemsrl.com\/#organization"},"potentialAction":[{"@type":"SearchAction","target":{"@type":"EntryPoint","urlTemplate":"https:\/\/www.ciemsrl.com\/?s={search_term_string}"},"query-input":{"@type":"PropertyValueSpecification","valueRequired":true,"valueName":"search_term_string"}}],"inLanguage":"fr-FR"},{"@type":"Organization","@id":"https:\/\/www.ciemsrl.com\/#organization","name":"CIEM Srl","url":"https:\/\/www.ciemsrl.com\/","logo":{"@type":"ImageObject","inLanguage":"fr-FR","@id":"https:\/\/www.ciemsrl.com\/#\/schema\/logo\/image\/","url":"https:\/\/www.ciemsrl.com\/wp-content\/uploads\/2022\/11\/ciem-logo.png","contentUrl":"https:\/\/www.ciemsrl.com\/wp-content\/uploads\/2022\/11\/ciem-logo.png","width":384,"height":206,"caption":"CIEM Srl"},"image":{"@id":"https:\/\/www.ciemsrl.com\/#\/schema\/logo\/image\/"},"sameAs":["https:\/\/www.facebook.com\/ciemsrl.spurgo.rifiuti","https:\/\/www.instagram.com\/ciem.srl\/"]}]}},"_links":{"self":[{"href":"https:\/\/www.ciemsrl.com\/fr\/wp-json\/wp\/v2\/pages\/915","targetHints":{"allow":["GET"]}}],"collection":[{"href":"https:\/\/www.ciemsrl.com\/fr\/wp-json\/wp\/v2\/pages"}],"about":[{"href":"https:\/\/www.ciemsrl.com\/fr\/wp-json\/wp\/v2\/types\/page"}],"author":[{"embeddable":true,"href":"https:\/\/www.ciemsrl.com\/fr\/wp-json\/wp\/v2\/users\/1"}],"replies":[{"embeddable":true,"href":"https:\/\/www.ciemsrl.com\/fr\/wp-json\/wp\/v2\/comments?post=915"}],"version-history":[{"count":10,"href":"https:\/\/www.ciemsrl.com\/fr\/wp-json\/wp\/v2\/pages\/915\/revisions"}],"predecessor-version":[{"id":1155,"href":"https:\/\/www.ciemsrl.com\/fr\/wp-json\/wp\/v2\/pages\/915\/revisions\/1155"}],"wp:attachment":[{"href":"https:\/\/www.ciemsrl.com\/fr\/wp-json\/wp\/v2\/media?parent=915"}],"curies":[{"name":"wp","href":"https:\/\/api.w.org\/{rel}","templated":true}]}}