{"id":920,"date":"2022-12-05T13:37:46","date_gmt":"2022-12-05T13:37:46","guid":{"rendered":"https:\/\/www.ciemsrl.com\/trasporto-rifiuti-attivita-produttive\/"},"modified":"2022-12-20T14:16:02","modified_gmt":"2022-12-20T14:16:02","slug":"transport-des-dechets-provenant-des-activites-de-production","status":"publish","type":"page","link":"https:\/\/www.ciemsrl.com\/fr\/transport-des-dechets-provenant-des-activites-de-production\/","title":{"rendered":"Transport des d\u00e9chets provenant des activit\u00e9s de production"},"content":{"rendered":"\t\t<div data-elementor-type=\"wp-page\" data-elementor-id=\"920\" class=\"elementor elementor-920 elementor-302\" data-elementor-post-type=\"page\">\n\t\t\t\t\t\t<section class=\"elementor-section elementor-top-section elementor-element elementor-element-34762d3 elementor-hidden-tablet elementor-hidden-mobile elementor-section-boxed elementor-section-height-default elementor-section-height-default\" data-id=\"34762d3\" data-element_type=\"section\">\n\t\t\t\t\t\t<div class=\"elementor-container elementor-column-gap-default\">\n\t\t\t\t\t<div class=\"elementor-column elementor-col-66 elementor-top-column elementor-element elementor-element-428c17dc\" data-id=\"428c17dc\" data-element_type=\"column\">\n\t\t\t<div class=\"elementor-widget-wrap elementor-element-populated\">\n\t\t\t\t\t\t<div class=\"elementor-element elementor-element-1aaa3be1 elementor-widget elementor-widget-heading\" data-id=\"1aaa3be1\" data-element_type=\"widget\" data-widget_type=\"heading.default\">\n\t\t\t\t<div class=\"elementor-widget-container\">\n\t\t\t\t\t<h1 class=\"elementor-heading-title elementor-size-default\">Transport des d\u00e9chets provenant des activit\u00e9s de production<\/h1>\t\t\t\t<\/div>\n\t\t\t\t<\/div>\n\t\t\t\t<div class=\"elementor-element elementor-element-1d5595ce elementor-widget elementor-widget-text-editor\" data-id=\"1d5595ce\" data-element_type=\"widget\" data-widget_type=\"text-editor.default\">\n\t\t\t\t<div class=\"elementor-widget-container\">\n\t\t\t\t\t\t\t\t\t<p class=\"subtitle\">Notre service comprend l&rsquo;ensemble de la gestion\u00a0: de l&rsquo;analyse des d\u00e9chets \u00e0 la logistique et enfin du transfert vers un centre agr\u00e9\u00e9 appropri\u00e9.<\/p>\t\t\t\t\t\t\t\t<\/div>\n\t\t\t\t<\/div>\n\t\t\t\t<div class=\"elementor-element elementor-element-7e32b2d3 elementor-widget elementor-widget-text-editor\" data-id=\"7e32b2d3\" data-element_type=\"widget\" data-widget_type=\"text-editor.default\">\n\t\t\t\t<div class=\"elementor-widget-container\">\n\t\t\t\t\t\t\t\t\t<p>Chaque activit\u00e9 de production, \u00e0 travers sa transformation, g\u00e9n\u00e8re un d\u00e9chet, qui doit \u00eatre g\u00e9r\u00e9 de mani\u00e8re diff\u00e9rente et sp\u00e9cifique.<\/p><p>Les types de d\u00e9chets que nous traitons le plus sont ceux provenant de la <strong>m\u00e9canique<\/strong>, des ateliers de <strong>carrosserie<\/strong>, des <strong>moulins \u00e0 huile<\/strong>, des <strong>ouvriers du marbre<\/strong>, des <strong>cultures agricoles<\/strong> et des <strong>lave-autos<\/strong>.<\/p>\t\t\t\t\t\t\t\t<\/div>\n\t\t\t\t<\/div>\n\t\t\t\t<div class=\"elementor-element elementor-element-72501784 elementor-widget elementor-widget-button\" data-id=\"72501784\" data-element_type=\"widget\" data-widget_type=\"button.default\">\n\t\t\t\t<div class=\"elementor-widget-container\">\n\t\t\t\t\t\t\t\t\t<div class=\"elementor-button-wrapper\">\n\t\t\t\t\t<a class=\"elementor-button elementor-button-link elementor-size-sm\" href=\"https:\/\/www.ciemsrl.com\/fr\/contatti\/\">\n\t\t\t\t\t\t<span class=\"elementor-button-content-wrapper\">\n\t\t\t\t\t\t\t\t\t<span class=\"elementor-button-text\">SOLLICITER CE SERVICE<\/span>\n\t\t\t\t\t<\/span>\n\t\t\t\t\t<\/a>\n\t\t\t\t<\/div>\n\t\t\t\t\t\t\t\t<\/div>\n\t\t\t\t<\/div>\n\t\t\t\t\t<\/div>\n\t\t<\/div>\n\t\t\t\t<div class=\"elementor-column elementor-col-33 elementor-top-column elementor-element elementor-element-5c8910b5\" data-id=\"5c8910b5\" data-element_type=\"column\">\n\t\t\t<div class=\"elementor-widget-wrap elementor-element-populated\">\n\t\t\t\t\t\t<div class=\"elementor-element elementor-element-cd42c34 elementor-pagination-position-outside elementor-widget elementor-widget-image-carousel\" data-id=\"cd42c34\" data-element_type=\"widget\" data-settings=\"{&quot;slides_to_show&quot;:&quot;1&quot;,&quot;navigation&quot;:&quot;dots&quot;,&quot;autoplay&quot;:&quot;yes&quot;,&quot;pause_on_hover&quot;:&quot;yes&quot;,&quot;pause_on_interaction&quot;:&quot;yes&quot;,&quot;autoplay_speed&quot;:5000,&quot;infinite&quot;:&quot;yes&quot;,&quot;effect&quot;:&quot;slide&quot;,&quot;speed&quot;:500}\" data-widget_type=\"image-carousel.default\">\n\t\t\t\t<div class=\"elementor-widget-container\">\n\t\t\t\t\t\t\t<div class=\"elementor-image-carousel-wrapper swiper\" role=\"region\" aria-roledescription=\"carousel\" aria-label=\"Carrousel d\u2019images\" dir=\"ltr\">\n\t\t\t<div class=\"elementor-image-carousel swiper-wrapper\" aria-live=\"off\">\n\t\t\t\t\t\t\t\t<div class=\"swiper-slide\" role=\"group\" aria-roledescription=\"slide\" aria-label=\"1 sur 3\"><figure class=\"swiper-slide-inner\"><img decoding=\"async\" class=\"swiper-slide-image\" src=\"https:\/\/www.ciemsrl.com\/wp-content\/uploads\/2022\/12\/ciem-trasporto-rifiuti-attivita-produttive.jpg\" alt=\"Ciem s.r.l. - Trasporto rifiuti attivit\u00e0 produttive\" \/><\/figure><\/div><div class=\"swiper-slide\" role=\"group\" aria-roledescription=\"slide\" aria-label=\"2 sur 3\"><figure class=\"swiper-slide-inner\"><img decoding=\"async\" class=\"swiper-slide-image\" src=\"https:\/\/www.ciemsrl.com\/wp-content\/uploads\/2022\/12\/ciem-trasporto-rifiuti-attivita-produttive-2.jpg\" alt=\"Ciem s.r.l. - Trasporto rifiuti attivit\u00e0 produttive\" \/><\/figure><\/div><div class=\"swiper-slide\" role=\"group\" aria-roledescription=\"slide\" aria-label=\"3 sur 3\"><figure class=\"swiper-slide-inner\"><img decoding=\"async\" class=\"swiper-slide-image\" src=\"https:\/\/www.ciemsrl.com\/wp-content\/uploads\/2022\/12\/ciem-trasporto-rifiuti-attivita-produttive-3.jpg\" alt=\"Ciem s.r.l. - Trasporto rifiuti attivit\u00e0 produttive\" \/><\/figure><\/div>\t\t\t<\/div>\n\t\t\t\t\t\t\t\n\t\t\t\t\t\t\t\t\t<div class=\"swiper-pagination\"><\/div>\n\t\t\t\t\t\t\t\t\t<\/div>\n\t\t\t\t\t\t<\/div>\n\t\t\t\t<\/div>\n\t\t\t\t\t<\/div>\n\t\t<\/div>\n\t\t\t\t\t<\/div>\n\t\t<\/section>\n\t\t\t\t<section class=\"elementor-section elementor-top-section elementor-element elementor-element-50105e4e elementor-hidden-desktop elementor-section-boxed elementor-section-height-default elementor-section-height-default\" data-id=\"50105e4e\" data-element_type=\"section\">\n\t\t\t\t\t\t<div class=\"elementor-container elementor-column-gap-default\">\n\t\t\t\t\t<div class=\"elementor-column elementor-col-66 elementor-top-column elementor-element elementor-element-32faa074\" data-id=\"32faa074\" data-element_type=\"column\">\n\t\t\t<div class=\"elementor-widget-wrap elementor-element-populated\">\n\t\t\t\t\t\t<div class=\"elementor-element elementor-element-6180d8b4 elementor-widget elementor-widget-heading\" data-id=\"6180d8b4\" data-element_type=\"widget\" data-widget_type=\"heading.default\">\n\t\t\t\t<div class=\"elementor-widget-container\">\n\t\t\t\t\t<h1 class=\"elementor-heading-title elementor-size-default\">Transport des d\u00e9chets provenant des activit\u00e9s de production<\/h1>\t\t\t\t<\/div>\n\t\t\t\t<\/div>\n\t\t\t\t<div class=\"elementor-element elementor-element-54b8498a elementor-widget elementor-widget-text-editor\" data-id=\"54b8498a\" data-element_type=\"widget\" data-widget_type=\"text-editor.default\">\n\t\t\t\t<div class=\"elementor-widget-container\">\n\t\t\t\t\t\t\t\t\t<p class=\"subtitle\">Notre service comprend l&rsquo;ensemble de la gestion\u00a0: de l&rsquo;analyse des d\u00e9chets \u00e0 la logistique et enfin du transfert vers un centre agr\u00e9\u00e9 appropri\u00e9.<\/p>\t\t\t\t\t\t\t\t<\/div>\n\t\t\t\t<\/div>\n\t\t\t\t<div class=\"elementor-element elementor-element-fa30eff elementor-widget elementor-widget-button\" data-id=\"fa30eff\" data-element_type=\"widget\" data-widget_type=\"button.default\">\n\t\t\t\t<div class=\"elementor-widget-container\">\n\t\t\t\t\t\t\t\t\t<div class=\"elementor-button-wrapper\">\n\t\t\t\t\t<a class=\"elementor-button elementor-button-link elementor-size-sm\" href=\"https:\/\/www.ciemsrl.com\/fr\/contatti\/\">\n\t\t\t\t\t\t<span class=\"elementor-button-content-wrapper\">\n\t\t\t\t\t\t\t\t\t<span class=\"elementor-button-text\">SOLLICITER CE SERVICE<\/span>\n\t\t\t\t\t<\/span>\n\t\t\t\t\t<\/a>\n\t\t\t\t<\/div>\n\t\t\t\t\t\t\t\t<\/div>\n\t\t\t\t<\/div>\n\t\t\t\t\t<\/div>\n\t\t<\/div>\n\t\t\t\t<div class=\"elementor-column elementor-col-33 elementor-top-column elementor-element elementor-element-3e5854d9\" data-id=\"3e5854d9\" data-element_type=\"column\">\n\t\t\t<div class=\"elementor-widget-wrap elementor-element-populated\">\n\t\t\t\t\t\t<section class=\"elementor-section elementor-inner-section elementor-element elementor-element-70ab6743 elementor-section-boxed elementor-section-height-default elementor-section-height-default\" data-id=\"70ab6743\" data-element_type=\"section\">\n\t\t\t\t\t\t<div class=\"elementor-container elementor-column-gap-default\">\n\t\t\t\t\t<div class=\"elementor-column elementor-col-50 elementor-inner-column elementor-element elementor-element-554e0ac4\" data-id=\"554e0ac4\" data-element_type=\"column\">\n\t\t\t<div class=\"elementor-widget-wrap elementor-element-populated\">\n\t\t\t\t\t\t<div class=\"elementor-element elementor-element-d7a17ca elementor-widget elementor-widget-text-editor\" data-id=\"d7a17ca\" data-element_type=\"widget\" data-widget_type=\"text-editor.default\">\n\t\t\t\t<div class=\"elementor-widget-container\">\n\t\t\t\t\t\t\t\t\t<p>Chaque activit\u00e9 de production, \u00e0 travers sa transformation, g\u00e9n\u00e8re un d\u00e9chet, qui doit \u00eatre g\u00e9r\u00e9 de mani\u00e8re diff\u00e9rente et sp\u00e9cifique.<\/p><p>Les types de d\u00e9chets que nous traitons le plus sont ceux provenant de la <strong>m\u00e9canique<\/strong>, des ateliers de <strong>carrosserie<\/strong>, des <strong>moulins \u00e0 huile<\/strong>, des <strong>ouvriers du marbre<\/strong>, des <strong>cultures agricoles<\/strong> et des <strong>lave-autos<\/strong>.<\/p>\t\t\t\t\t\t\t\t<\/div>\n\t\t\t\t<\/div>\n\t\t\t\t\t<\/div>\n\t\t<\/div>\n\t\t\t\t<div class=\"elementor-column elementor-col-50 elementor-inner-column elementor-element elementor-element-6e8c9499\" data-id=\"6e8c9499\" data-element_type=\"column\">\n\t\t\t<div class=\"elementor-widget-wrap elementor-element-populated\">\n\t\t\t\t\t\t<div class=\"elementor-element elementor-element-5180f9c elementor-pagination-position-outside elementor-widget elementor-widget-image-carousel\" data-id=\"5180f9c\" data-element_type=\"widget\" data-settings=\"{&quot;slides_to_show&quot;:&quot;1&quot;,&quot;navigation&quot;:&quot;dots&quot;,&quot;autoplay&quot;:&quot;yes&quot;,&quot;pause_on_hover&quot;:&quot;yes&quot;,&quot;pause_on_interaction&quot;:&quot;yes&quot;,&quot;autoplay_speed&quot;:5000,&quot;infinite&quot;:&quot;yes&quot;,&quot;effect&quot;:&quot;slide&quot;,&quot;speed&quot;:500}\" data-widget_type=\"image-carousel.default\">\n\t\t\t\t<div class=\"elementor-widget-container\">\n\t\t\t\t\t\t\t<div class=\"elementor-image-carousel-wrapper swiper\" role=\"region\" aria-roledescription=\"carousel\" aria-label=\"Carrousel d\u2019images\" dir=\"ltr\">\n\t\t\t<div class=\"elementor-image-carousel swiper-wrapper\" aria-live=\"off\">\n\t\t\t\t\t\t\t\t<div class=\"swiper-slide\" role=\"group\" aria-roledescription=\"slide\" aria-label=\"1 sur 3\"><figure class=\"swiper-slide-inner\"><img decoding=\"async\" class=\"swiper-slide-image\" src=\"https:\/\/www.ciemsrl.com\/wp-content\/uploads\/2022\/12\/ciem-trasporto-rifiuti-attivita-produttive.jpg\" alt=\"Ciem s.r.l. - Trasporto rifiuti attivit\u00e0 produttive\" \/><\/figure><\/div><div class=\"swiper-slide\" role=\"group\" aria-roledescription=\"slide\" aria-label=\"2 sur 3\"><figure class=\"swiper-slide-inner\"><img decoding=\"async\" class=\"swiper-slide-image\" src=\"https:\/\/www.ciemsrl.com\/wp-content\/uploads\/2022\/12\/ciem-trasporto-rifiuti-attivita-produttive-2.jpg\" alt=\"Ciem s.r.l. - Trasporto rifiuti attivit\u00e0 produttive\" \/><\/figure><\/div><div class=\"swiper-slide\" role=\"group\" aria-roledescription=\"slide\" aria-label=\"3 sur 3\"><figure class=\"swiper-slide-inner\"><img decoding=\"async\" class=\"swiper-slide-image\" src=\"https:\/\/www.ciemsrl.com\/wp-content\/uploads\/2022\/12\/ciem-trasporto-rifiuti-attivita-produttive-3.jpg\" alt=\"Ciem s.r.l. - Trasporto rifiuti attivit\u00e0 produttive\" \/><\/figure><\/div>\t\t\t<\/div>\n\t\t\t\t\t\t\t\n\t\t\t\t\t\t\t\t\t<div class=\"swiper-pagination\"><\/div>\n\t\t\t\t\t\t\t\t\t<\/div>\n\t\t\t\t\t\t<\/div>\n\t\t\t\t<\/div>\n\t\t\t\t\t<\/div>\n\t\t<\/div>\n\t\t\t\t\t<\/div>\n\t\t<\/section>\n\t\t\t\t\t<\/div>\n\t\t<\/div>\n\t\t\t\t\t<\/div>\n\t\t<\/section>\n\t\t\t\t<\/div>\n\t\t","protected":false},"excerpt":{"rendered":"<p>Transport des d\u00e9chets provenant des activit\u00e9s de production Notre service comprend l&rsquo;ensemble de la gestion\u00a0: de l&rsquo;analyse des d\u00e9chets \u00e0 la logistique et enfin du transfert vers un centre agr\u00e9\u00e9 appropri\u00e9. Chaque activit\u00e9 de production, \u00e0 travers sa transformation, g\u00e9n\u00e8re un d\u00e9chet, qui doit \u00eatre g\u00e9r\u00e9 de mani\u00e8re diff\u00e9rente et sp\u00e9cifique. Les types de d\u00e9chets [&hellip;]<\/p>\n","protected":false},"author":1,"featured_media":0,"parent":0,"menu_order":0,"comment_status":"closed","ping_status":"closed","template":"","meta":{"inline_featured_image":false,"footnotes":""},"class_list":["post-920","page","type-page","status-publish","hentry"],"yoast_head":"<!-- This site is optimized with the Yoast SEO plugin v26.0 - https:\/\/yoast.com\/wordpress\/plugins\/seo\/ -->\n<title>Transport des d\u00e9chets provenant des activit\u00e9s de production - CIEM Srl<\/title>\n<meta name=\"robots\" content=\"index, follow, max-snippet:-1, max-image-preview:large, max-video-preview:-1\" \/>\n<link rel=\"canonical\" href=\"https:\/\/www.ciemsrl.com\/fr\/transport-des-dechets-provenant-des-activites-de-production\/\" \/>\n<meta property=\"og:locale\" content=\"fr_FR\" \/>\n<meta property=\"og:type\" content=\"article\" \/>\n<meta property=\"og:title\" content=\"Transport des d\u00e9chets provenant des activit\u00e9s de production - CIEM Srl\" \/>\n<meta property=\"og:description\" content=\"Transport des d\u00e9chets provenant des activit\u00e9s de production Notre service comprend l&rsquo;ensemble de la gestion\u00a0: de l&rsquo;analyse des d\u00e9chets \u00e0 la logistique et enfin du transfert vers un centre agr\u00e9\u00e9 appropri\u00e9. Chaque activit\u00e9 de production, \u00e0 travers sa transformation, g\u00e9n\u00e8re un d\u00e9chet, qui doit \u00eatre g\u00e9r\u00e9 de mani\u00e8re diff\u00e9rente et sp\u00e9cifique. Les types de d\u00e9chets [&hellip;]\" \/>\n<meta property=\"og:url\" content=\"https:\/\/www.ciemsrl.com\/fr\/transport-des-dechets-provenant-des-activites-de-production\/\" \/>\n<meta property=\"og:site_name\" content=\"CIEM Srl\" \/>\n<meta property=\"article:publisher\" content=\"https:\/\/www.facebook.com\/ciemsrl.spurgo.rifiuti\" \/>\n<meta property=\"article:modified_time\" content=\"2022-12-20T14:16:02+00:00\" \/>\n<meta property=\"og:image\" content=\"https:\/\/www.ciemsrl.com\/wp-content\/uploads\/2022\/12\/ciem-trasporto-rifiuti-attivita-produttive.jpg\" \/>\n<meta name=\"twitter:card\" content=\"summary_large_image\" \/>\n<meta name=\"twitter:label1\" content=\"Dur\u00e9e de lecture estim\u00e9e\" \/>\n\t<meta name=\"twitter:data1\" content=\"1 minute\" \/>\n<script type=\"application\/ld+json\" class=\"yoast-schema-graph\">{\"@context\":\"https:\/\/schema.org\",\"@graph\":[{\"@type\":\"WebPage\",\"@id\":\"https:\/\/www.ciemsrl.com\/fr\/transport-des-dechets-provenant-des-activites-de-production\/\",\"url\":\"https:\/\/www.ciemsrl.com\/fr\/transport-des-dechets-provenant-des-activites-de-production\/\",\"name\":\"Transport des d\u00e9chets provenant des activit\u00e9s de production - CIEM Srl\",\"isPartOf\":{\"@id\":\"https:\/\/www.ciemsrl.com\/#website\"},\"primaryImageOfPage\":{\"@id\":\"https:\/\/www.ciemsrl.com\/fr\/transport-des-dechets-provenant-des-activites-de-production\/#primaryimage\"},\"image\":{\"@id\":\"https:\/\/www.ciemsrl.com\/fr\/transport-des-dechets-provenant-des-activites-de-production\/#primaryimage\"},\"thumbnailUrl\":\"https:\/\/www.ciemsrl.com\/wp-content\/uploads\/2022\/12\/ciem-trasporto-rifiuti-attivita-produttive.jpg\",\"datePublished\":\"2022-12-05T13:37:46+00:00\",\"dateModified\":\"2022-12-20T14:16:02+00:00\",\"breadcrumb\":{\"@id\":\"https:\/\/www.ciemsrl.com\/fr\/transport-des-dechets-provenant-des-activites-de-production\/#breadcrumb\"},\"inLanguage\":\"fr-FR\",\"potentialAction\":[{\"@type\":\"ReadAction\",\"target\":[\"https:\/\/www.ciemsrl.com\/fr\/transport-des-dechets-provenant-des-activites-de-production\/\"]}]},{\"@type\":\"ImageObject\",\"inLanguage\":\"fr-FR\",\"@id\":\"https:\/\/www.ciemsrl.com\/fr\/transport-des-dechets-provenant-des-activites-de-production\/#primaryimage\",\"url\":\"https:\/\/www.ciemsrl.com\/wp-content\/uploads\/2022\/12\/ciem-trasporto-rifiuti-attivita-produttive.jpg\",\"contentUrl\":\"https:\/\/www.ciemsrl.com\/wp-content\/uploads\/2022\/12\/ciem-trasporto-rifiuti-attivita-produttive.jpg\"},{\"@type\":\"BreadcrumbList\",\"@id\":\"https:\/\/www.ciemsrl.com\/fr\/transport-des-dechets-provenant-des-activites-de-production\/#breadcrumb\",\"itemListElement\":[{\"@type\":\"ListItem\",\"position\":1,\"name\":\"Home\",\"item\":\"https:\/\/www.ciemsrl.com\/fr\/\"},{\"@type\":\"ListItem\",\"position\":2,\"name\":\"Transport des d\u00e9chets provenant des activit\u00e9s de production\"}]},{\"@type\":\"WebSite\",\"@id\":\"https:\/\/www.ciemsrl.com\/#website\",\"url\":\"https:\/\/www.ciemsrl.com\/\",\"name\":\"CIEM Srl\",\"description\":\"Conduzione Impianti Ecologici &amp; Manutenzioni\",\"publisher\":{\"@id\":\"https:\/\/www.ciemsrl.com\/#organization\"},\"potentialAction\":[{\"@type\":\"SearchAction\",\"target\":{\"@type\":\"EntryPoint\",\"urlTemplate\":\"https:\/\/www.ciemsrl.com\/?s={search_term_string}\"},\"query-input\":{\"@type\":\"PropertyValueSpecification\",\"valueRequired\":true,\"valueName\":\"search_term_string\"}}],\"inLanguage\":\"fr-FR\"},{\"@type\":\"Organization\",\"@id\":\"https:\/\/www.ciemsrl.com\/#organization\",\"name\":\"CIEM Srl\",\"url\":\"https:\/\/www.ciemsrl.com\/\",\"logo\":{\"@type\":\"ImageObject\",\"inLanguage\":\"fr-FR\",\"@id\":\"https:\/\/www.ciemsrl.com\/#\/schema\/logo\/image\/\",\"url\":\"https:\/\/www.ciemsrl.com\/wp-content\/uploads\/2022\/11\/ciem-logo.png\",\"contentUrl\":\"https:\/\/www.ciemsrl.com\/wp-content\/uploads\/2022\/11\/ciem-logo.png\",\"width\":384,\"height\":206,\"caption\":\"CIEM Srl\"},\"image\":{\"@id\":\"https:\/\/www.ciemsrl.com\/#\/schema\/logo\/image\/\"},\"sameAs\":[\"https:\/\/www.facebook.com\/ciemsrl.spurgo.rifiuti\",\"https:\/\/www.instagram.com\/ciem.srl\/\"]}]}<\/script>\n<!-- \/ Yoast SEO plugin. -->","yoast_head_json":{"title":"Transport des d\u00e9chets provenant des activit\u00e9s de production - CIEM Srl","robots":{"index":"index","follow":"follow","max-snippet":"max-snippet:-1","max-image-preview":"max-image-preview:large","max-video-preview":"max-video-preview:-1"},"canonical":"https:\/\/www.ciemsrl.com\/fr\/transport-des-dechets-provenant-des-activites-de-production\/","og_locale":"fr_FR","og_type":"article","og_title":"Transport des d\u00e9chets provenant des activit\u00e9s de production - CIEM Srl","og_description":"Transport des d\u00e9chets provenant des activit\u00e9s de production Notre service comprend l&rsquo;ensemble de la gestion\u00a0: de l&rsquo;analyse des d\u00e9chets \u00e0 la logistique et enfin du transfert vers un centre agr\u00e9\u00e9 appropri\u00e9. Chaque activit\u00e9 de production, \u00e0 travers sa transformation, g\u00e9n\u00e8re un d\u00e9chet, qui doit \u00eatre g\u00e9r\u00e9 de mani\u00e8re diff\u00e9rente et sp\u00e9cifique. Les types de d\u00e9chets [&hellip;]","og_url":"https:\/\/www.ciemsrl.com\/fr\/transport-des-dechets-provenant-des-activites-de-production\/","og_site_name":"CIEM Srl","article_publisher":"https:\/\/www.facebook.com\/ciemsrl.spurgo.rifiuti","article_modified_time":"2022-12-20T14:16:02+00:00","og_image":[{"url":"https:\/\/www.ciemsrl.com\/wp-content\/uploads\/2022\/12\/ciem-trasporto-rifiuti-attivita-produttive.jpg","type":"","width":"","height":""}],"twitter_card":"summary_large_image","twitter_misc":{"Dur\u00e9e de lecture estim\u00e9e":"1 minute"},"schema":{"@context":"https:\/\/schema.org","@graph":[{"@type":"WebPage","@id":"https:\/\/www.ciemsrl.com\/fr\/transport-des-dechets-provenant-des-activites-de-production\/","url":"https:\/\/www.ciemsrl.com\/fr\/transport-des-dechets-provenant-des-activites-de-production\/","name":"Transport des d\u00e9chets provenant des activit\u00e9s de production - CIEM Srl","isPartOf":{"@id":"https:\/\/www.ciemsrl.com\/#website"},"primaryImageOfPage":{"@id":"https:\/\/www.ciemsrl.com\/fr\/transport-des-dechets-provenant-des-activites-de-production\/#primaryimage"},"image":{"@id":"https:\/\/www.ciemsrl.com\/fr\/transport-des-dechets-provenant-des-activites-de-production\/#primaryimage"},"thumbnailUrl":"https:\/\/www.ciemsrl.com\/wp-content\/uploads\/2022\/12\/ciem-trasporto-rifiuti-attivita-produttive.jpg","datePublished":"2022-12-05T13:37:46+00:00","dateModified":"2022-12-20T14:16:02+00:00","breadcrumb":{"@id":"https:\/\/www.ciemsrl.com\/fr\/transport-des-dechets-provenant-des-activites-de-production\/#breadcrumb"},"inLanguage":"fr-FR","potentialAction":[{"@type":"ReadAction","target":["https:\/\/www.ciemsrl.com\/fr\/transport-des-dechets-provenant-des-activites-de-production\/"]}]},{"@type":"ImageObject","inLanguage":"fr-FR","@id":"https:\/\/www.ciemsrl.com\/fr\/transport-des-dechets-provenant-des-activites-de-production\/#primaryimage","url":"https:\/\/www.ciemsrl.com\/wp-content\/uploads\/2022\/12\/ciem-trasporto-rifiuti-attivita-produttive.jpg","contentUrl":"https:\/\/www.ciemsrl.com\/wp-content\/uploads\/2022\/12\/ciem-trasporto-rifiuti-attivita-produttive.jpg"},{"@type":"BreadcrumbList","@id":"https:\/\/www.ciemsrl.com\/fr\/transport-des-dechets-provenant-des-activites-de-production\/#breadcrumb","itemListElement":[{"@type":"ListItem","position":1,"name":"Home","item":"https:\/\/www.ciemsrl.com\/fr\/"},{"@type":"ListItem","position":2,"name":"Transport des d\u00e9chets provenant des activit\u00e9s de production"}]},{"@type":"WebSite","@id":"https:\/\/www.ciemsrl.com\/#website","url":"https:\/\/www.ciemsrl.com\/","name":"CIEM Srl","description":"Conduzione Impianti Ecologici &amp; Manutenzioni","publisher":{"@id":"https:\/\/www.ciemsrl.com\/#organization"},"potentialAction":[{"@type":"SearchAction","target":{"@type":"EntryPoint","urlTemplate":"https:\/\/www.ciemsrl.com\/?s={search_term_string}"},"query-input":{"@type":"PropertyValueSpecification","valueRequired":true,"valueName":"search_term_string"}}],"inLanguage":"fr-FR"},{"@type":"Organization","@id":"https:\/\/www.ciemsrl.com\/#organization","name":"CIEM Srl","url":"https:\/\/www.ciemsrl.com\/","logo":{"@type":"ImageObject","inLanguage":"fr-FR","@id":"https:\/\/www.ciemsrl.com\/#\/schema\/logo\/image\/","url":"https:\/\/www.ciemsrl.com\/wp-content\/uploads\/2022\/11\/ciem-logo.png","contentUrl":"https:\/\/www.ciemsrl.com\/wp-content\/uploads\/2022\/11\/ciem-logo.png","width":384,"height":206,"caption":"CIEM Srl"},"image":{"@id":"https:\/\/www.ciemsrl.com\/#\/schema\/logo\/image\/"},"sameAs":["https:\/\/www.facebook.com\/ciemsrl.spurgo.rifiuti","https:\/\/www.instagram.com\/ciem.srl\/"]}]}},"_links":{"self":[{"href":"https:\/\/www.ciemsrl.com\/fr\/wp-json\/wp\/v2\/pages\/920","targetHints":{"allow":["GET"]}}],"collection":[{"href":"https:\/\/www.ciemsrl.com\/fr\/wp-json\/wp\/v2\/pages"}],"about":[{"href":"https:\/\/www.ciemsrl.com\/fr\/wp-json\/wp\/v2\/types\/page"}],"author":[{"embeddable":true,"href":"https:\/\/www.ciemsrl.com\/fr\/wp-json\/wp\/v2\/users\/1"}],"replies":[{"embeddable":true,"href":"https:\/\/www.ciemsrl.com\/fr\/wp-json\/wp\/v2\/comments?post=920"}],"version-history":[{"count":7,"href":"https:\/\/www.ciemsrl.com\/fr\/wp-json\/wp\/v2\/pages\/920\/revisions"}],"predecessor-version":[{"id":951,"href":"https:\/\/www.ciemsrl.com\/fr\/wp-json\/wp\/v2\/pages\/920\/revisions\/951"}],"wp:attachment":[{"href":"https:\/\/www.ciemsrl.com\/fr\/wp-json\/wp\/v2\/media?parent=920"}],"curies":[{"name":"wp","href":"https:\/\/api.w.org\/{rel}","templated":true}]}}