{"id":961,"date":"2022-12-06T08:38:07","date_gmt":"2022-12-06T08:38:07","guid":{"rendered":"https:\/\/www.ciemsrl.com\/contatti\/"},"modified":"2022-12-21T14:10:40","modified_gmt":"2022-12-21T14:10:40","slug":"contacts","status":"publish","type":"page","link":"https:\/\/www.ciemsrl.com\/fr\/contacts\/","title":{"rendered":"Contacts"},"content":{"rendered":"\t\t<div data-elementor-type=\"wp-page\" data-elementor-id=\"961\" class=\"elementor elementor-961 elementor-408\" data-elementor-post-type=\"page\">\n\t\t\t\t\t\t<section class=\"elementor-section elementor-top-section elementor-element elementor-element-ba79089 elementor-section-boxed elementor-section-height-default elementor-section-height-default\" data-id=\"ba79089\" data-element_type=\"section\">\n\t\t\t\t\t\t<div class=\"elementor-container elementor-column-gap-default\">\n\t\t\t\t\t<div class=\"elementor-column elementor-col-66 elementor-top-column elementor-element elementor-element-d1b0aa8\" data-id=\"d1b0aa8\" data-element_type=\"column\">\n\t\t\t<div class=\"elementor-widget-wrap elementor-element-populated\">\n\t\t\t\t\t\t<div class=\"elementor-element elementor-element-64ac1b3 elementor-widget elementor-widget-heading\" data-id=\"64ac1b3\" data-element_type=\"widget\" data-widget_type=\"heading.default\">\n\t\t\t\t<div class=\"elementor-widget-container\">\n\t\t\t\t\t<h1 class=\"elementor-heading-title elementor-size-default\">Demande d'information<\/h1>\t\t\t\t<\/div>\n\t\t\t\t<\/div>\n\t\t\t\t<div class=\"elementor-element elementor-element-4f9b0ab elementor-widget elementor-widget-text-editor\" data-id=\"4f9b0ab\" data-element_type=\"widget\" data-widget_type=\"text-editor.default\">\n\t\t\t\t<div class=\"elementor-widget-container\">\n\t\t\t\t\t\t\t\t\t<p class=\"subtitle\">Contactez-nous ou \u00e9crivez-nous pour une intervention rapide et professionnelle ou simplement pour obtenir des informations.<\/p>\t\t\t\t\t\t\t\t<\/div>\n\t\t\t\t<\/div>\n\t\t\t\t<div class=\"elementor-element elementor-element-c8979e6 elementor-button-align-start elementor-widget elementor-widget-form\" data-id=\"c8979e6\" data-element_type=\"widget\" data-settings=\"{&quot;step_next_label&quot;:&quot;Successivo&quot;,&quot;step_previous_label&quot;:&quot;Precedente&quot;,&quot;step_type&quot;:&quot;number_text&quot;,&quot;step_icon_shape&quot;:&quot;circle&quot;}\" data-widget_type=\"form.default\">\n\t\t\t\t<div class=\"elementor-widget-container\">\n\t\t\t\t\t\t\t<form class=\"elementor-form\" method=\"post\" name=\"Nuovo modulo\" aria-label=\"Nuovo modulo\">\n\t\t\t<input type=\"hidden\" name=\"post_id\" value=\"961\"\/>\n\t\t\t<input type=\"hidden\" name=\"form_id\" value=\"c8979e6\"\/>\n\t\t\t<input type=\"hidden\" name=\"referer_title\" value=\"CIEM Srl\" \/>\n\n\t\t\t\n\t\t\t<div class=\"elementor-form-fields-wrapper elementor-labels-above\">\n\t\t\t\t\t\t\t\t<div class=\"elementor-field-type-text elementor-field-group elementor-column elementor-field-group-nome elementor-col-50 elementor-field-required\">\n\t\t\t\t\t\t\t\t\t\t\t\t<label for=\"form-field-nome\" class=\"elementor-field-label\">\n\t\t\t\t\t\t\t\tNom et Pr\u00e9nom*\t\t\t\t\t\t\t<\/label>\n\t\t\t\t\t\t\t\t\t\t\t\t\t\t<input size=\"1\" type=\"text\" name=\"form_fields[nome]\" id=\"form-field-nome\" class=\"elementor-field elementor-size-sm  elementor-field-textual\" required=\"required\">\n\t\t\t\t\t\t\t\t\t\t\t<\/div>\n\t\t\t\t\t\t\t\t<div class=\"elementor-field-type-select elementor-field-group elementor-column elementor-field-group-oggetto elementor-col-50 elementor-field-required\">\n\t\t\t\t\t\t\t\t\t\t\t\t<label for=\"form-field-oggetto\" class=\"elementor-field-label\">\n\t\t\t\t\t\t\t\tObjet du message*\t\t\t\t\t\t\t<\/label>\n\t\t\t\t\t\t\t\t<div class=\"elementor-field elementor-select-wrapper remove-before \">\n\t\t\t<div class=\"select-caret-down-wrapper\">\n\t\t\t\t<i aria-hidden=\"true\" class=\"eicon-caret-down\"><\/i>\t\t\t<\/div>\n\t\t\t<select name=\"form_fields[oggetto]\" id=\"form-field-oggetto\" class=\"elementor-field-textual elementor-size-sm\" required=\"required\">\n\t\t\t\t\t\t\t\t\t<option value=\"---\">---<\/option>\n\t\t\t\t\t\t\t\t\t<option value=\"Vidange des canalisations et des fosses septiques\">Vidange des canalisations et des fosses septiques<\/option>\n\t\t\t\t\t\t\t\t\t<option value=\"Inspections vid\u00e9o canalisations\">Inspections vid\u00e9o canalisations<\/option>\n\t\t\t\t\t\t\t\t\t<option value=\"Location de toilettes chimiques\">Location de toilettes chimiques<\/option>\n\t\t\t\t\t\t\t\t\t<option value=\"Vidange cuve yacht\">Vidange cuve yacht<\/option>\n\t\t\t\t\t\t\t\t\t<option value=\"Transport des d\u00e9chets provenant des activit\u00e9s de production\">Transport des d\u00e9chets provenant des activit\u00e9s de production<\/option>\n\t\t\t\t\t\t\t\t\t<option value=\"Retrait et \u00e9limination de l&#039;amiante\">Retrait et \u00e9limination de l&#039;amiante<\/option>\n\t\t\t\t\t\t\t<\/select>\n\t\t<\/div>\n\t\t\t\t\t\t<\/div>\n\t\t\t\t\t\t\t\t<div class=\"elementor-field-type-tel elementor-field-group elementor-column elementor-field-group-telefono elementor-col-50 elementor-field-required\">\n\t\t\t\t\t\t\t\t\t\t\t\t<label for=\"form-field-telefono\" class=\"elementor-field-label\">\n\t\t\t\t\t\t\t\tT\u00e9l\u00e9phone \/ T\u00e9l\u00e9phone Portable*\t\t\t\t\t\t\t<\/label>\n\t\t\t\t\t\t\t\t<input size=\"1\" type=\"tel\" name=\"form_fields[telefono]\" id=\"form-field-telefono\" class=\"elementor-field elementor-size-sm  elementor-field-textual\" required=\"required\" pattern=\"[0-9()#&amp;+*-=.]+\" title=\"Seuls les caract\u00e8res de num\u00e9ros de t\u00e9l\u00e9phone (#, -, *, etc.) sont accept\u00e9s.\">\n\n\t\t\t\t\t\t<\/div>\n\t\t\t\t\t\t\t\t<div class=\"elementor-field-type-email elementor-field-group elementor-column elementor-field-group-email elementor-col-50 elementor-field-required\">\n\t\t\t\t\t\t\t\t\t\t\t\t<label for=\"form-field-email\" class=\"elementor-field-label\">\n\t\t\t\t\t\t\t\tCourriel*\t\t\t\t\t\t\t<\/label>\n\t\t\t\t\t\t\t\t\t\t\t\t\t\t<input size=\"1\" type=\"email\" name=\"form_fields[email]\" id=\"form-field-email\" class=\"elementor-field elementor-size-sm  elementor-field-textual\" required=\"required\">\n\t\t\t\t\t\t\t\t\t\t\t<\/div>\n\t\t\t\t\t\t\t\t<div class=\"elementor-field-type-textarea elementor-field-group elementor-column elementor-field-group-messaggio elementor-col-100\">\n\t\t\t\t\t\t\t\t\t\t\t\t<label for=\"form-field-messaggio\" class=\"elementor-field-label\">\n\t\t\t\t\t\t\t\tEcrire un message\t\t\t\t\t\t\t<\/label>\n\t\t\t\t\t\t<textarea class=\"elementor-field-textual elementor-field  elementor-size-sm\" name=\"form_fields[messaggio]\" id=\"form-field-messaggio\" rows=\"5\"><\/textarea>\t\t\t\t<\/div>\n\t\t\t\t\t\t\t\t<div class=\"elementor-field-type-acceptance elementor-field-group elementor-column elementor-field-group-field_e2f183b elementor-col-100 elementor-field-required\">\n\t\t\t\t\t\t\t<div class=\"elementor-field-subgroup\">\n\t\t\t<span class=\"elementor-field-option\">\n\t\t\t\t<input type=\"checkbox\" name=\"form_fields[field_e2f183b]\" id=\"form-field-field_e2f183b\" class=\"elementor-field elementor-size-sm  elementor-acceptance-field\" required=\"required\">\n\t\t\t\t<label for=\"form-field-field_e2f183b\">J'autorise le traitement de mes donn\u00e9es personnelles conform\u00e9ment \u00e0 la <a href=\"https:\/\/www.ciemsrl.com\/privacy-policy\/\" target=\"_blank\">politique de confidentialit\u00e9<\/a>.<\/label>\t\t\t<\/span>\n\t\t<\/div>\n\t\t\t\t\t\t<\/div>\n\t\t\t\t\t\t\t\t<div class=\"elementor-field-type-recaptcha_v3 elementor-field-group elementor-column elementor-field-group-recaptcha elementor-col-100 recaptcha_v3-bottomright\">\n\t\t\t\t\t<div class=\"elementor-field\" id=\"form-field-recaptcha\"><div class=\"elementor-g-recaptcha\" data-sitekey=\"6LcozGgjAAAAAO9BTTgB_m0VoK_k5XbFBJBvf9Ki\" data-type=\"v3\" data-action=\"Form\" data-badge=\"bottomright\" data-size=\"invisible\"><\/div><\/div>\t\t\t\t<\/div>\n\t\t\t\t\t\t\t\t<div class=\"elementor-field-group elementor-column elementor-field-type-submit elementor-col-100 e-form__buttons\">\n\t\t\t\t\t<button class=\"elementor-button elementor-size-sm\" type=\"submit\">\n\t\t\t\t\t\t<span class=\"elementor-button-content-wrapper\">\n\t\t\t\t\t\t\t\t\t\t\t\t\t\t\t\t\t\t\t\t\t\t<span class=\"elementor-button-text\">ENVOYER LA DEMANDE<\/span>\n\t\t\t\t\t\t\t\t\t\t\t\t\t<\/span>\n\t\t\t\t\t<\/button>\n\t\t\t\t<\/div>\n\t\t\t<\/div>\n\t\t<\/form>\n\t\t\t\t\t\t<\/div>\n\t\t\t\t<\/div>\n\t\t\t\t\t<\/div>\n\t\t<\/div>\n\t\t\t\t<aside class=\"elementor-column elementor-col-33 elementor-top-column elementor-element elementor-element-8710b14 contatti\" data-id=\"8710b14\" data-element_type=\"column\" data-settings=\"{&quot;background_background&quot;:&quot;classic&quot;}\">\n\t\t\t<div class=\"elementor-widget-wrap elementor-element-populated\">\n\t\t\t\t\t\t<div class=\"elementor-element elementor-element-3ffe0b6 elementor-widget elementor-widget-heading\" data-id=\"3ffe0b6\" data-element_type=\"widget\" data-widget_type=\"heading.default\">\n\t\t\t\t<div class=\"elementor-widget-container\">\n\t\t\t\t\t<h2 class=\"elementor-heading-title elementor-size-default\">CIEM Srl<\/h2>\t\t\t\t<\/div>\n\t\t\t\t<\/div>\n\t\t\t\t<div class=\"elementor-element elementor-element-7ffaae7 elementor-widget elementor-widget-text-editor\" data-id=\"7ffaae7\" data-element_type=\"widget\" data-widget_type=\"text-editor.default\">\n\t\t\t\t<div class=\"elementor-widget-container\">\n\t\t\t\t\t\t\t\t\t<p>Corso Limone Piemonte 260,<br \/>18039 Ventimiglia (IM)<\/p>\t\t\t\t\t\t\t\t<\/div>\n\t\t\t\t<\/div>\n\t\t\t\t<div class=\"elementor-element elementor-element-811ff82 elementor-widget elementor-widget-text-editor\" data-id=\"811ff82\" data-element_type=\"widget\" data-widget_type=\"text-editor.default\">\n\t\t\t\t<div class=\"elementor-widget-container\">\n\t\t\t\t\t\t\t\t\t<a href=\"tel:+390184284051\">+39 0184 28 40 51<\/a>\t\t\t\t\t\t\t\t<\/div>\n\t\t\t\t<\/div>\n\t\t\t\t<div class=\"elementor-element elementor-element-15a7bf6 elementor-widget elementor-widget-text-editor\" data-id=\"15a7bf6\" data-element_type=\"widget\" data-widget_type=\"text-editor.default\">\n\t\t\t\t<div class=\"elementor-widget-container\">\n\t\t\t\t\t\t\t\t\tE-mail:\n<a href=\"mailto:info@ciemsrl.com\">info@ciemsrl.com<\/a>\n<a href=\"mailto:amministrazione@ciemsrl.com\">amministrazione@ciemsrl.com<\/a>\t\t\t\t\t\t\t\t<\/div>\n\t\t\t\t<\/div>\n\t\t\t\t\t<\/div>\n\t\t<\/aside>\n\t\t\t\t\t<\/div>\n\t\t<\/section>\n\t\t\t\t<section class=\"elementor-section elementor-top-section elementor-element elementor-element-f03117b elementor-section-full_width elementor-section-height-default elementor-section-height-default\" data-id=\"f03117b\" data-element_type=\"section\">\n\t\t\t\t\t\t<div class=\"elementor-container elementor-column-gap-default\">\n\t\t\t\t\t<div class=\"elementor-column elementor-col-100 elementor-top-column elementor-element elementor-element-3280009\" data-id=\"3280009\" data-element_type=\"column\">\n\t\t\t<div class=\"elementor-widget-wrap elementor-element-populated\">\n\t\t\t\t\t\t<div class=\"elementor-element elementor-element-f48fe82 elementor-widget elementor-widget-html\" data-id=\"f48fe82\" data-element_type=\"widget\" data-widget_type=\"html.default\">\n\t\t\t\t<div class=\"elementor-widget-container\">\n\t\t\t\t\t<iframe src=\"https:\/\/www.google.com\/maps\/embed?pb=!1m18!1m12!1m3!1d2878.432120926879!2d7.582812751670445!3d43.82613734914507!2m3!1f0!2f0!3f0!3m2!1i1024!2i768!4f13.1!3m3!1m2!1s0x12cded3e0e24d027%3A0x9bf164fd56a3f64a!2sCorso%20Limone%20Piemonte%2C%20260%2C%2018039%20Ventimiglia%20IM!5e0!3m2!1sit!2sit!4v1670318040500!5m2!1sit!2sit\" width=\"100%\" height=\"450\" style=\"border:0;\" allowfullscreen=\"\" loading=\"lazy\" referrerpolicy=\"no-referrer-when-downgrade\"><\/iframe>\t\t\t\t<\/div>\n\t\t\t\t<\/div>\n\t\t\t\t\t<\/div>\n\t\t<\/div>\n\t\t\t\t\t<\/div>\n\t\t<\/section>\n\t\t\t\t<\/div>\n\t\t","protected":false},"excerpt":{"rendered":"<p>Demande d&rsquo;information Contactez-nous ou \u00e9crivez-nous pour une intervention rapide et professionnelle ou simplement pour obtenir des informations. CIEM Srl Corso Limone Piemonte 260,18039 Ventimiglia (IM) +39 0184 28 40 51E-mail: info@ciemsrl.com amministrazione@ciemsrl.com<\/p>\n","protected":false},"author":1,"featured_media":0,"parent":0,"menu_order":0,"comment_status":"closed","ping_status":"closed","template":"","meta":{"inline_featured_image":false,"footnotes":""},"class_list":["post-961","page","type-page","status-publish","hentry"],"yoast_head":"<!-- This site is optimized with the Yoast SEO plugin v26.0 - https:\/\/yoast.com\/wordpress\/plugins\/seo\/ -->\n<title>Contacts - CIEM Srl<\/title>\n<meta name=\"robots\" content=\"index, follow, max-snippet:-1, max-image-preview:large, max-video-preview:-1\" \/>\n<link rel=\"canonical\" href=\"https:\/\/www.ciemsrl.com\/fr\/contacts\/\" \/>\n<meta property=\"og:locale\" content=\"fr_FR\" \/>\n<meta property=\"og:type\" content=\"article\" \/>\n<meta property=\"og:title\" content=\"Contacts - CIEM Srl\" \/>\n<meta property=\"og:description\" content=\"Demande d&rsquo;information Contactez-nous ou \u00e9crivez-nous pour une intervention rapide et professionnelle ou simplement pour obtenir des informations. CIEM Srl Corso Limone Piemonte 260,18039 Ventimiglia (IM) +39 0184 28 40 51E-mail: info@ciemsrl.com amministrazione@ciemsrl.com\" \/>\n<meta property=\"og:url\" content=\"https:\/\/www.ciemsrl.com\/fr\/contacts\/\" \/>\n<meta property=\"og:site_name\" content=\"CIEM Srl\" \/>\n<meta property=\"article:publisher\" content=\"https:\/\/www.facebook.com\/ciemsrl.spurgo.rifiuti\" \/>\n<meta property=\"article:modified_time\" content=\"2022-12-21T14:10:40+00:00\" \/>\n<meta name=\"twitter:card\" content=\"summary_large_image\" \/>\n<script type=\"application\/ld+json\" class=\"yoast-schema-graph\">{\"@context\":\"https:\/\/schema.org\",\"@graph\":[{\"@type\":\"WebPage\",\"@id\":\"https:\/\/www.ciemsrl.com\/fr\/contacts\/\",\"url\":\"https:\/\/www.ciemsrl.com\/fr\/contacts\/\",\"name\":\"Contacts - CIEM Srl\",\"isPartOf\":{\"@id\":\"https:\/\/www.ciemsrl.com\/#website\"},\"datePublished\":\"2022-12-06T08:38:07+00:00\",\"dateModified\":\"2022-12-21T14:10:40+00:00\",\"breadcrumb\":{\"@id\":\"https:\/\/www.ciemsrl.com\/fr\/contacts\/#breadcrumb\"},\"inLanguage\":\"fr-FR\",\"potentialAction\":[{\"@type\":\"ReadAction\",\"target\":[\"https:\/\/www.ciemsrl.com\/fr\/contacts\/\"]}]},{\"@type\":\"BreadcrumbList\",\"@id\":\"https:\/\/www.ciemsrl.com\/fr\/contacts\/#breadcrumb\",\"itemListElement\":[{\"@type\":\"ListItem\",\"position\":1,\"name\":\"Home\",\"item\":\"https:\/\/www.ciemsrl.com\/fr\/\"},{\"@type\":\"ListItem\",\"position\":2,\"name\":\"Contacts\"}]},{\"@type\":\"WebSite\",\"@id\":\"https:\/\/www.ciemsrl.com\/#website\",\"url\":\"https:\/\/www.ciemsrl.com\/\",\"name\":\"CIEM Srl\",\"description\":\"Conduzione Impianti Ecologici &amp; Manutenzioni\",\"publisher\":{\"@id\":\"https:\/\/www.ciemsrl.com\/#organization\"},\"potentialAction\":[{\"@type\":\"SearchAction\",\"target\":{\"@type\":\"EntryPoint\",\"urlTemplate\":\"https:\/\/www.ciemsrl.com\/?s={search_term_string}\"},\"query-input\":{\"@type\":\"PropertyValueSpecification\",\"valueRequired\":true,\"valueName\":\"search_term_string\"}}],\"inLanguage\":\"fr-FR\"},{\"@type\":\"Organization\",\"@id\":\"https:\/\/www.ciemsrl.com\/#organization\",\"name\":\"CIEM Srl\",\"url\":\"https:\/\/www.ciemsrl.com\/\",\"logo\":{\"@type\":\"ImageObject\",\"inLanguage\":\"fr-FR\",\"@id\":\"https:\/\/www.ciemsrl.com\/#\/schema\/logo\/image\/\",\"url\":\"https:\/\/www.ciemsrl.com\/wp-content\/uploads\/2022\/11\/ciem-logo.png\",\"contentUrl\":\"https:\/\/www.ciemsrl.com\/wp-content\/uploads\/2022\/11\/ciem-logo.png\",\"width\":384,\"height\":206,\"caption\":\"CIEM Srl\"},\"image\":{\"@id\":\"https:\/\/www.ciemsrl.com\/#\/schema\/logo\/image\/\"},\"sameAs\":[\"https:\/\/www.facebook.com\/ciemsrl.spurgo.rifiuti\",\"https:\/\/www.instagram.com\/ciem.srl\/\"]}]}<\/script>\n<!-- \/ Yoast SEO plugin. -->","yoast_head_json":{"title":"Contacts - CIEM Srl","robots":{"index":"index","follow":"follow","max-snippet":"max-snippet:-1","max-image-preview":"max-image-preview:large","max-video-preview":"max-video-preview:-1"},"canonical":"https:\/\/www.ciemsrl.com\/fr\/contacts\/","og_locale":"fr_FR","og_type":"article","og_title":"Contacts - CIEM Srl","og_description":"Demande d&rsquo;information Contactez-nous ou \u00e9crivez-nous pour une intervention rapide et professionnelle ou simplement pour obtenir des informations. CIEM Srl Corso Limone Piemonte 260,18039 Ventimiglia (IM) +39 0184 28 40 51E-mail: info@ciemsrl.com amministrazione@ciemsrl.com","og_url":"https:\/\/www.ciemsrl.com\/fr\/contacts\/","og_site_name":"CIEM Srl","article_publisher":"https:\/\/www.facebook.com\/ciemsrl.spurgo.rifiuti","article_modified_time":"2022-12-21T14:10:40+00:00","twitter_card":"summary_large_image","schema":{"@context":"https:\/\/schema.org","@graph":[{"@type":"WebPage","@id":"https:\/\/www.ciemsrl.com\/fr\/contacts\/","url":"https:\/\/www.ciemsrl.com\/fr\/contacts\/","name":"Contacts - CIEM Srl","isPartOf":{"@id":"https:\/\/www.ciemsrl.com\/#website"},"datePublished":"2022-12-06T08:38:07+00:00","dateModified":"2022-12-21T14:10:40+00:00","breadcrumb":{"@id":"https:\/\/www.ciemsrl.com\/fr\/contacts\/#breadcrumb"},"inLanguage":"fr-FR","potentialAction":[{"@type":"ReadAction","target":["https:\/\/www.ciemsrl.com\/fr\/contacts\/"]}]},{"@type":"BreadcrumbList","@id":"https:\/\/www.ciemsrl.com\/fr\/contacts\/#breadcrumb","itemListElement":[{"@type":"ListItem","position":1,"name":"Home","item":"https:\/\/www.ciemsrl.com\/fr\/"},{"@type":"ListItem","position":2,"name":"Contacts"}]},{"@type":"WebSite","@id":"https:\/\/www.ciemsrl.com\/#website","url":"https:\/\/www.ciemsrl.com\/","name":"CIEM Srl","description":"Conduzione Impianti Ecologici &amp; Manutenzioni","publisher":{"@id":"https:\/\/www.ciemsrl.com\/#organization"},"potentialAction":[{"@type":"SearchAction","target":{"@type":"EntryPoint","urlTemplate":"https:\/\/www.ciemsrl.com\/?s={search_term_string}"},"query-input":{"@type":"PropertyValueSpecification","valueRequired":true,"valueName":"search_term_string"}}],"inLanguage":"fr-FR"},{"@type":"Organization","@id":"https:\/\/www.ciemsrl.com\/#organization","name":"CIEM Srl","url":"https:\/\/www.ciemsrl.com\/","logo":{"@type":"ImageObject","inLanguage":"fr-FR","@id":"https:\/\/www.ciemsrl.com\/#\/schema\/logo\/image\/","url":"https:\/\/www.ciemsrl.com\/wp-content\/uploads\/2022\/11\/ciem-logo.png","contentUrl":"https:\/\/www.ciemsrl.com\/wp-content\/uploads\/2022\/11\/ciem-logo.png","width":384,"height":206,"caption":"CIEM Srl"},"image":{"@id":"https:\/\/www.ciemsrl.com\/#\/schema\/logo\/image\/"},"sameAs":["https:\/\/www.facebook.com\/ciemsrl.spurgo.rifiuti","https:\/\/www.instagram.com\/ciem.srl\/"]}]}},"_links":{"self":[{"href":"https:\/\/www.ciemsrl.com\/fr\/wp-json\/wp\/v2\/pages\/961","targetHints":{"allow":["GET"]}}],"collection":[{"href":"https:\/\/www.ciemsrl.com\/fr\/wp-json\/wp\/v2\/pages"}],"about":[{"href":"https:\/\/www.ciemsrl.com\/fr\/wp-json\/wp\/v2\/types\/page"}],"author":[{"embeddable":true,"href":"https:\/\/www.ciemsrl.com\/fr\/wp-json\/wp\/v2\/users\/1"}],"replies":[{"embeddable":true,"href":"https:\/\/www.ciemsrl.com\/fr\/wp-json\/wp\/v2\/comments?post=961"}],"version-history":[{"count":22,"href":"https:\/\/www.ciemsrl.com\/fr\/wp-json\/wp\/v2\/pages\/961\/revisions"}],"predecessor-version":[{"id":1069,"href":"https:\/\/www.ciemsrl.com\/fr\/wp-json\/wp\/v2\/pages\/961\/revisions\/1069"}],"wp:attachment":[{"href":"https:\/\/www.ciemsrl.com\/fr\/wp-json\/wp\/v2\/media?parent=961"}],"curies":[{"name":"wp","href":"https:\/\/api.w.org\/{rel}","templated":true}]}}